{"id":45525,"date":"2023-06-21T16:53:12","date_gmt":"2023-06-21T14:53:12","guid":{"rendered":"https:\/\/aecsv.com\/?page_id=45525"},"modified":"2024-07-05T16:58:36","modified_gmt":"2024-07-05T14:58:36","slug":"ueber-aec-sv","status":"publish","type":"page","link":"https:\/\/stage.aecsv.com\/de\/ueber-aec-sv\/","title":{"rendered":"\u00dcber AEC SV"},"content":{"rendered":"<section class=\"wpb-content-wrapper\"><p>[vc_row full_width=&#8220;stretch_row_content&#8220; css=&#8220;.vc_custom_1687958366298{background-image: url(https:\/\/stage.aecsv.com\/wp-content\/uploads\/2023\/06\/hero-about.webp?id=44917) !important;background-position: center !important;background-repeat: no-repeat !important;background-size: cover !important;}&#8220; el_class=&#8220;gradbg coverimage cadillac&#8220;][vc_column el_class=&#8220;emissionNoticeBottom&#8220; offset=&#8220;vc_hidden-sm vc_hidden-xs&#8220; css=&#8220;.vc_custom_1681830975970{padding-top: 0px !important;background-position: center !important;background-repeat: no-repeat !important;background-size: cover !important;}&#8220;][vc_row_inner][vc_column_inner el_class=&#8220;maintitle&#8220; css=&#8220;.vc_custom_1681830985414{background-position: center !important;background-repeat: no-repeat !important;background-size: cover !important;}&#8220;][vc_column_text el_class=&#8220;cadillac&#8220; css=&#8220;.vc_custom_1687786690526{padding-left: 2% !important;}&#8220;]<\/p>\n<h1 style=\"text-align: left;\">Leben Sie den amerikanischen Traum in ganz Europa<\/h1>\n<p>[\/vc_column_text][\/vc_column_inner][\/vc_row_inner][\/vc_column][\/vc_row][vc_row bg_type=&#8220;image&#8220; bg_override=&#8220;ex-full&#8220; margin_bottom=&#8220;-50&#8243;][vc_column offset=&#8220;vc_col-xs-12&#8243;][vc_row_inner][vc_column_inner css=&#8220;.vc_custom_1687453570749{padding-top: 50px !important;padding-bottom: 100px !important;}&#8220;][vc_column_text]<\/p>\n<h2 style=\"text-align: center;\">AEC SPECIALTY VEHICLES<\/h2>\n<h3 style=\"text-align: center;\">Ihr Partner f\u00fcr klassische GM-Fahrzeuge, \u00fcberall in Europa.<\/h3>\n<p>[\/vc_column_text][\/vc_column_inner][\/vc_row_inner][\/vc_column][\/vc_row][vc_row full_width=&#8220;stretch_row_content&#8220; equal_height=&#8220;yes&#8220; content_placement=&#8220;middle&#8220; css_animation=&#8220;none&#8220; css=&#8220;.vc_custom_1657352891891{background-color: #ffffff !important;}&#8220; el_class=&#8220;reverseColumnsMobile&#8220;][vc_column width=&#8220;1\/2&#8243; css=&#8220;.vc_custom_1687452905417{padding-top: 2% !important;padding-right: 5% !important;padding-bottom: 2% !important;padding-left: 5% !important;background-position: center !important;background-repeat: no-repeat !important;background-size: cover !important;}&#8220; el_class=&#8220;divSlant slantRight slantBgWhite&#8220;][vc_column_text el_class=&#8220;durango2018&#8243; css=&#8220;.vc_custom_1687452359704{margin-bottom: 5px !important;}&#8220;]<\/p>\n<h2>WIR KENNEN AUTOS<\/h2>\n<p>[\/vc_column_text][vc_separator color=&#8220;juicy_pink&#8220; align=&#8220;align_left&#8220; el_width=&#8220;30&#8243; css=&#8220;.vc_custom_1687452852303{padding-top: 20px !important;padding-bottom: 20px !important;}&#8220;][vc_column_text el_class=&#8220;durango2018&#8243; css=&#8220;.vc_custom_1687452375826{padding-bottom: 20px !important;}&#8220;]Bei AECSV dreht sich bei uns alles um Autos. Wir sind ein internationales Team von Automobilexperten, vereint durch unsere Leidenschaft, den American Way of Drive m\u00f6glich zu machen, wo immer Sie sind. Mit unserer Erfahrung in den Bereichen Import, Vertrieb und Homologation sowie einem H\u00e4ndlernetz in ganz Europa sind wir bereit, Ihnen dabei zu helfen, Ihre automobilen Tr\u00e4ume zu verwirklichen.[\/vc_column_text][\/vc_column][vc_column width=&#8220;1\/2&#8243; css=&#8220;.vc_custom_1687453435730{background-image: url(https:\/\/stage.aecsv.com\/wp-content\/uploads\/2023\/06\/product-preview-cadillac-escalade.webp?id=44782) !important;background-position: center !important;background-repeat: no-repeat !important;background-size: cover !important;}&#8220; el_class=&#8220;durango2018white image_aspect_72&#8243;][\/vc_column][\/vc_row][vc_row full_width=&#8220;stretch_row_content&#8220; equal_height=&#8220;yes&#8220; content_placement=&#8220;middle&#8220; css_animation=&#8220;none&#8220; css=&#8220;.vc_custom_1681815542313{background-color: #ffffff !important;}&#8220; el_class=&#8220;whitetext&#8220;][vc_column width=&#8220;1\/2&#8243; css=&#8220;.vc_custom_1687453873369{background-image: url(https:\/\/stage.aecsv.com\/wp-content\/uploads\/2023\/06\/hero-silverado-home.webp?id=44687) !important;background-position: center !important;background-repeat: no-repeat !important;background-size: cover !important;}&#8220; el_class=&#8220;durango2018white image_aspect_72&#8243;][\/vc_column][vc_column width=&#8220;1\/2&#8243; css=&#8220;.vc_custom_1681815468825{padding-top: 5% !important;padding-right: 5% !important;padding-bottom: 5% !important;padding-left: 5% !important;background-color: #000000 !important;background-position: center !important;background-repeat: no-repeat !important;background-size: cover !important;}&#8220; el_class=&#8220;divSlant slantLeft slantBgGray&#8220;][vc_column_text el_class=&#8220;durango2018white&#8220; css=&#8220;.vc_custom_1687452480921{margin-bottom: 5px !important;}&#8220;]<\/p>\n<h2>GEHEN SIE IHREN EIGENEN WEG<\/h2>\n<p>[\/vc_column_text][vc_separator color=&#8220;juicy_pink&#8220; align=&#8220;align_left&#8220; el_width=&#8220;30&#8243; css=&#8220;.vc_custom_1687452852303{padding-top: 20px !important;padding-bottom: 20px !important;}&#8220;][vc_column_text el_class=&#8220;durango2018white&#8220; css=&#8220;.vc_custom_1687452495575{padding-bottom: 20px !important;}&#8220;]Als offizieller europ\u00e4ischer Vertriebspartner der Marken Cadillac, Chevrolet und GMC von General Motors (GM) macht es AECSV m\u00f6glich, renommierte amerikanische Fahrzeuge wie Escalade, Silverado, Tahoe und mehr in Ihre H\u00e4nde zu bekommen. Mit einem Netzwerk von Handelspartnern in ganz Europa ist es jetzt einfacher denn je, sich auf der offenen Stra\u00dfe mit kultigen Autos zu profilieren, die zu Ihrem Lebensstil passen.[\/vc_column_text][\/vc_column][\/vc_row][vc_row full_width=&#8220;stretch_row_content&#8220; equal_height=&#8220;yes&#8220; content_placement=&#8220;middle&#8220; css_animation=&#8220;none&#8220; css=&#8220;.vc_custom_1657352891891{background-color: #ffffff !important;}&#8220; el_class=&#8220;reverseColumnsMobile&#8220;][vc_column width=&#8220;1\/2&#8243; css=&#8220;.vc_custom_1574700439306{padding-top: 5% !important;padding-right: 5% !important;padding-bottom: 5% !important;padding-left: 5% !important;background-position: center !important;background-repeat: no-repeat !important;background-size: cover !important;}&#8220; el_class=&#8220;divSlant slantRight slantBgWhite&#8220;][vc_column_text el_class=&#8220;durango2018&#8243; css=&#8220;.vc_custom_1687452584431{margin-bottom: 5px !important;}&#8220;]<\/p>\n<h2>EINFACH F\u00dcR SIE VON A BIS Z<\/h2>\n<p>[\/vc_column_text][vc_separator color=&#8220;juicy_pink&#8220; align=&#8220;align_left&#8220; el_width=&#8220;30&#8243; css=&#8220;.vc_custom_1687452852303{padding-top: 20px !important;padding-bottom: 20px !important;}&#8220;][vc_column_text el_class=&#8220;durango2018&#8243; css=&#8220;.vc_custom_1687452602753{padding-bottom: 20px !important;}&#8220;]AECSV k\u00fcmmert sich um alle Details: von der Einfuhr \u00fcber den Vertrieb bis hin zur Bef\u00f6rderung auf die Stra\u00dfe. Wir sind die Experten f\u00fcr den Import, den Vertrieb, die Homologation und den Kundendienst von Automobilen. Das hei\u00dft, AECSV k\u00fcmmert sich um all die Feinheiten, kniffligen Aspekte und Bedenken, die Sie haben k\u00f6nnten, wenn Sie Ihr eigenes US-Fahrzeug in Europa erwerben m\u00f6chten. Wir k\u00fcmmern uns um den Papierkram, stellen sicher, dass Ihr Auto stra\u00dfentauglich ist, aktualisiert wurde und alle Anforderungen des ausl\u00e4ndischen Marktes erf\u00fcllt. Ihr AECSV GM-Fahrzeug wird au\u00dferdem mit einer 36-monatigen Garantie geliefert, um Ihr Full-Service-Erlebnis abzurunden und Sie wieder auf die Stra\u00dfe zu bringen.[\/vc_column_text][\/vc_column][vc_column width=&#8220;1\/2&#8243; css=&#8220;.vc_custom_1687454070188{background-image: url(https:\/\/stage.aecsv.com\/wp-content\/uploads\/2023\/06\/product-panel-tahoe.webp?id=44806) !important;background-position: center !important;background-repeat: no-repeat !important;background-size: cover !important;}&#8220; el_class=&#8220;durango2018white image_aspect_72&#8243;][\/vc_column][\/vc_row][vc_row full_width=&#8220;stretch_row_content&#8220; equal_height=&#8220;yes&#8220; content_placement=&#8220;middle&#8220; css_animation=&#8220;none&#8220; css=&#8220;.vc_custom_1681815542313{background-color: #ffffff !important;}&#8220; el_class=&#8220;whitetext&#8220;][vc_column width=&#8220;1\/2&#8243; css=&#8220;.vc_custom_1687453997035{background-image: url(https:\/\/stage.aecsv.com\/wp-content\/uploads\/2023\/06\/main-hero-silverado.webp?id=44807) !important;background-position: center !important;background-repeat: no-repeat !important;background-size: cover !important;}&#8220; el_class=&#8220;durango2018white image_aspect_72&#8243;][\/vc_column][vc_column width=&#8220;1\/2&#8243; css=&#8220;.vc_custom_1681815468825{padding-top: 5% !important;padding-right: 5% !important;padding-bottom: 5% !important;padding-left: 5% !important;background-color: #000000 !important;background-position: center !important;background-repeat: no-repeat !important;background-size: cover !important;}&#8220; el_class=&#8220;divSlant slantLeft slantBgGray&#8220;][vc_column_text el_class=&#8220;durango2018white&#8220; css=&#8220;.vc_custom_1687454015572{margin-bottom: 5px !important;}&#8220;]<\/p>\n<h2>\u00dcBER AECSV<\/h2>\n<p>[\/vc_column_text][vc_separator color=&#8220;juicy_pink&#8220; align=&#8220;align_left&#8220; el_width=&#8220;30&#8243; css=&#8220;.vc_custom_1687452852303{padding-top: 20px !important;padding-bottom: 20px !important;}&#8220;][vc_column_text el_class=&#8220;durango2018white&#8220; css=&#8220;.vc_custom_1687454025243{padding-bottom: 20px !important;}&#8220;]AEC Specialty Vehicles (AECSV) ist ein neues Unternehmen, das Liebhaber amerikanischer Automarken mit ihrem GM-Traumfahrzeug zusammenbringt, egal wo in Europa. AECSV wurde 2023 als Teil der AEC Group gegr\u00fcndet und vereint mehr als 27 Jahre Erfahrung im Import und Vertrieb mit einem globalen Netzwerk von H\u00e4ndlern, Industrieverbindungen, Einzelhandelspartnern und einer etablierten Infrastruktur und Prozessen.[\/vc_column_text][\/vc_column][\/vc_row][vc_row full_width=&#8220;stretch_row_content_no_spaces&#8220; bg_type=&#8220;image&#8220; bg_override=&#8220;ex-full&#8220; margin_bottom=&#8220;-50&#8243;][vc_column][vc_media_grid element_width=&#8220;3&#8243; gap=&#8220;0&#8243; grid_id=&#8220;vc_gid:1688132063929-622488cb-771b-8&#8243; include=&#8220;44892,44873,44872,44809,44955,44806,44802,44805&#8243; el_class=&#8220;about-gallery&#8220;][\/vc_column][\/vc_row]<\/p>\n<\/section>","protected":false},"excerpt":{"rendered":"<p>[vc_row full_width=&#8220;stretch_row_content&#8220; css=&#8220;.vc_custom_1687958366298{background-image: url(https:\/\/stage.aecsv.com\/wp-content\/uploads\/2023\/06\/hero-about.webp?id=44917) !important;background-position: center !important;background-repeat: no-repeat !important;background-size: cover !important;}&#8220; el_class=&#8220;gradbg coverimage cadillac&#8220;][vc_column el_class=&#8220;emissionNoticeBottom&#8220; offset=&#8220;vc_hidden-sm vc_hidden-xs&#8220; css=&#8220;.vc_custom_1681830975970{padding-top: 0px !important;background-position: center !important;background-repeat: no-repeat !important;background-size: cover !important;}&#8220;][vc_row_inner][vc_column_inner el_class=&#8220;maintitle&#8220; css=&#8220;.vc_custom_1681830985414{background-position: center !important;background-repeat: no-repeat !important;background-size: cover !important;}&#8220;][vc_column_text el_class=&#8220;cadillac&#8220; css=&#8220;.vc_custom_1687786690526{padding-left: 2% !important;}&#8220;] Leben Sie den amerikanischen Traum in ganz Europa [\/vc_column_text][\/vc_column_inner][\/vc_row_inner][\/vc_column][\/vc_row][vc_row bg_type=&#8220;image&#8220; bg_override=&#8220;ex-full&#8220; margin_bottom=&#8220;-50&#8243;][vc_column offset=&#8220;vc_col-xs-12&#8243;][vc_row_inner][vc_column_inner css=&#8220;.vc_custom_1687453570749{padding-top: 50px !important;padding-bottom: 100px [&hellip;]<\/p>\n","protected":false},"author":20,"featured_media":0,"parent":0,"menu_order":0,"comment_status":"closed","ping_status":"closed","template":"page-cadillac-product.php","meta":{"site-sidebar-layout":"no-sidebar","site-content-layout":"plain-container","ast-site-content-layout":"default","site-content-style":"default","site-sidebar-style":"default","ast-global-header-display":"","ast-banner-title-visibility":"","ast-main-header-display":"","ast-hfb-above-header-display":"","ast-hfb-below-header-display":"","ast-hfb-mobile-header-display":"","site-post-title":"disabled","ast-breadcrumbs-content":"","ast-featured-img":"disabled","footer-sml-layout":"","ast-disable-related-posts":"","theme-transparent-header-meta":"default","adv-header-id-meta":"","stick-header-meta":"default","header-above-stick-meta":"","header-main-stick-meta":"","header-below-stick-meta":"","astra-migrate-meta-layouts":"default","ast-page-background-enabled":"default","ast-page-background-meta":{"desktop":{"background-color":"","background-image":"","background-repeat":"repeat","background-position":"center center","background-size":"auto","background-attachment":"scroll","background-type":"","background-media":"","overlay-type":"","overlay-color":"","overlay-opacity":"","overlay-gradient":""},"tablet":{"background-color":"","background-image":"","background-repeat":"repeat","background-position":"center center","background-size":"auto","background-attachment":"scroll","background-type":"","background-media":"","overlay-type":"","overlay-color":"","overlay-opacity":"","overlay-gradient":""},"mobile":{"background-color":"","background-image":"","background-repeat":"repeat","background-position":"center center","background-size":"auto","background-attachment":"scroll","background-type":"","background-media":"","overlay-type":"","overlay-color":"","overlay-opacity":"","overlay-gradient":""}},"ast-content-background-meta":{"desktop":{"background-color":"var(--ast-global-color-5)","background-image":"","background-repeat":"repeat","background-position":"center center","background-size":"auto","background-attachment":"scroll","background-type":"","background-media":"","overlay-type":"","overlay-color":"","overlay-opacity":"","overlay-gradient":""},"tablet":{"background-color":"var(--ast-global-color-5)","background-image":"","background-repeat":"repeat","background-position":"center center","background-size":"auto","background-attachment":"scroll","background-type":"","background-media":"","overlay-type":"","overlay-color":"","overlay-opacity":"","overlay-gradient":""},"mobile":{"background-color":"var(--ast-global-color-5)","background-image":"","background-repeat":"repeat","background-position":"center center","background-size":"auto","background-attachment":"scroll","background-type":"","background-media":"","overlay-type":"","overlay-color":"","overlay-opacity":"","overlay-gradient":""}},"footnotes":"","_wp_rev_ctl_limit":""},"class_list":["post-45525","page","type-page","status-publish","hentry"],"acf":[],"yoast_head":"<!-- This site is optimized with the Yoast SEO plugin v27.3 - https:\/\/yoast.com\/product\/yoast-seo-wordpress\/ -->\n<title>\u00dcber AEC SV - AECSV<\/title>\n<meta name=\"robots\" content=\"index, follow, max-snippet:-1, max-image-preview:large, max-video-preview:-1\" \/>\n<link rel=\"canonical\" href=\"https:\/\/stage.aecsv.com\/about\/\" \/>\n<meta property=\"og:locale\" content=\"de_DE\" \/>\n<meta property=\"og:type\" content=\"article\" \/>\n<meta property=\"og:title\" content=\"\u00dcber AEC SV - AECSV\" \/>\n<meta property=\"og:description\" content=\"[vc_row full_width=&#8220;stretch_row_content&#8220; css=&#8220;.vc_custom_1687958366298{background-image: url(https:\/\/stage.aecsv.com\/wp-content\/uploads\/2023\/06\/hero-about.webp?id=44917) !important;background-position: center !important;background-repeat: no-repeat !important;background-size: cover !important;}&#8220; el_class=&#8220;gradbg coverimage cadillac&#8220;][vc_column el_class=&#8220;emissionNoticeBottom&#8220; offset=&#8220;vc_hidden-sm vc_hidden-xs&#8220; css=&#8220;.vc_custom_1681830975970{padding-top: 0px !important;background-position: center !important;background-repeat: no-repeat !important;background-size: cover !important;}&#8220;][vc_row_inner][vc_column_inner el_class=&#8220;maintitle&#8220; css=&#8220;.vc_custom_1681830985414{background-position: center !important;background-repeat: no-repeat !important;background-size: cover !important;}&#8220;][vc_column_text el_class=&#8220;cadillac&#8220; css=&#8220;.vc_custom_1687786690526{padding-left: 2% !important;}&#8220;] Leben Sie den amerikanischen Traum in ganz Europa [\/vc_column_text][\/vc_column_inner][\/vc_row_inner][\/vc_column][\/vc_row][vc_row bg_type=&#8220;image&#8220; bg_override=&#8220;ex-full&#8220; margin_bottom=&#8220;-50&#8243;][vc_column offset=&#8220;vc_col-xs-12&#8243;][vc_row_inner][vc_column_inner css=&#8220;.vc_custom_1687453570749{padding-top: 50px !important;padding-bottom: 100px [&hellip;]\" \/>\n<meta property=\"og:url\" content=\"https:\/\/stage.aecsv.com\/about\/\" \/>\n<meta property=\"og:site_name\" content=\"AECSV\" \/>\n<meta property=\"article:modified_time\" content=\"2024-07-05T14:58:36+00:00\" \/>\n<meta name=\"twitter:card\" content=\"summary_large_image\" \/>\n<meta name=\"twitter:label1\" content=\"Gesch\u00e4tzte Lesezeit\" \/>\n\t<meta name=\"twitter:data1\" content=\"6\u00a0Minuten\" \/>\n<script type=\"application\/ld+json\" class=\"yoast-schema-graph\">{\"@context\":\"https:\\\/\\\/schema.org\",\"@graph\":[{\"@type\":\"WebPage\",\"@id\":\"https:\\\/\\\/stage.aecsv.com\\\/about\\\/\",\"url\":\"https:\\\/\\\/stage.aecsv.com\\\/about\\\/\",\"name\":\"\u00dcber AEC SV - AECSV\",\"isPartOf\":{\"@id\":\"https:\\\/\\\/stage.aecsv.com\\\/#website\"},\"datePublished\":\"2023-06-21T14:53:12+00:00\",\"dateModified\":\"2024-07-05T14:58:36+00:00\",\"breadcrumb\":{\"@id\":\"https:\\\/\\\/stage.aecsv.com\\\/about\\\/#breadcrumb\"},\"inLanguage\":\"de\",\"potentialAction\":[{\"@type\":\"ReadAction\",\"target\":[\"https:\\\/\\\/stage.aecsv.com\\\/about\\\/\"]}]},{\"@type\":\"BreadcrumbList\",\"@id\":\"https:\\\/\\\/stage.aecsv.com\\\/about\\\/#breadcrumb\",\"itemListElement\":[{\"@type\":\"ListItem\",\"position\":1,\"name\":\"Home\",\"item\":\"https:\\\/\\\/stage.aecsv.com\\\/de\\\/\"},{\"@type\":\"ListItem\",\"position\":2,\"name\":\"\u00dcber AEC SV\"}]},{\"@type\":\"WebSite\",\"@id\":\"https:\\\/\\\/stage.aecsv.com\\\/#website\",\"url\":\"https:\\\/\\\/stage.aecsv.com\\\/\",\"name\":\"AECSV\",\"description\":\"Official Importer of Chevrolet, GMC and Cadillac Vehicles in Europe\",\"publisher\":{\"@id\":\"https:\\\/\\\/stage.aecsv.com\\\/#organization\"},\"potentialAction\":[{\"@type\":\"SearchAction\",\"target\":{\"@type\":\"EntryPoint\",\"urlTemplate\":\"https:\\\/\\\/stage.aecsv.com\\\/?s={search_term_string}\"},\"query-input\":{\"@type\":\"PropertyValueSpecification\",\"valueRequired\":true,\"valueName\":\"search_term_string\"}}],\"inLanguage\":\"de\"},{\"@type\":\"Organization\",\"@id\":\"https:\\\/\\\/stage.aecsv.com\\\/#organization\",\"name\":\"AECSV\",\"url\":\"https:\\\/\\\/stage.aecsv.com\\\/\",\"logo\":{\"@type\":\"ImageObject\",\"inLanguage\":\"de\",\"@id\":\"https:\\\/\\\/stage.aecsv.com\\\/#\\\/schema\\\/logo\\\/image\\\/\",\"url\":\"https:\\\/\\\/stage.aecsv.com\\\/wp-content\\\/uploads\\\/2022\\\/07\\\/aec-sv-logo-cropped.svg\",\"contentUrl\":\"https:\\\/\\\/stage.aecsv.com\\\/wp-content\\\/uploads\\\/2022\\\/07\\\/aec-sv-logo-cropped.svg\",\"width\":1657,\"height\":716,\"caption\":\"AECSV\"},\"image\":{\"@id\":\"https:\\\/\\\/stage.aecsv.com\\\/#\\\/schema\\\/logo\\\/image\\\/\"}}]}<\/script>\n<!-- \/ Yoast SEO plugin. -->","yoast_head_json":{"title":"\u00dcber AEC SV - AECSV","robots":{"index":"index","follow":"follow","max-snippet":"max-snippet:-1","max-image-preview":"max-image-preview:large","max-video-preview":"max-video-preview:-1"},"canonical":"https:\/\/stage.aecsv.com\/about\/","og_locale":"de_DE","og_type":"article","og_title":"\u00dcber AEC SV - AECSV","og_description":"[vc_row full_width=&#8220;stretch_row_content&#8220; css=&#8220;.vc_custom_1687958366298{background-image: url(https:\/\/stage.aecsv.com\/wp-content\/uploads\/2023\/06\/hero-about.webp?id=44917) !important;background-position: center !important;background-repeat: no-repeat !important;background-size: cover !important;}&#8220; el_class=&#8220;gradbg coverimage cadillac&#8220;][vc_column el_class=&#8220;emissionNoticeBottom&#8220; offset=&#8220;vc_hidden-sm vc_hidden-xs&#8220; css=&#8220;.vc_custom_1681830975970{padding-top: 0px !important;background-position: center !important;background-repeat: no-repeat !important;background-size: cover !important;}&#8220;][vc_row_inner][vc_column_inner el_class=&#8220;maintitle&#8220; css=&#8220;.vc_custom_1681830985414{background-position: center !important;background-repeat: no-repeat !important;background-size: cover !important;}&#8220;][vc_column_text el_class=&#8220;cadillac&#8220; css=&#8220;.vc_custom_1687786690526{padding-left: 2% !important;}&#8220;] Leben Sie den amerikanischen Traum in ganz Europa [\/vc_column_text][\/vc_column_inner][\/vc_row_inner][\/vc_column][\/vc_row][vc_row bg_type=&#8220;image&#8220; bg_override=&#8220;ex-full&#8220; margin_bottom=&#8220;-50&#8243;][vc_column offset=&#8220;vc_col-xs-12&#8243;][vc_row_inner][vc_column_inner css=&#8220;.vc_custom_1687453570749{padding-top: 50px !important;padding-bottom: 100px [&hellip;]","og_url":"https:\/\/stage.aecsv.com\/about\/","og_site_name":"AECSV","article_modified_time":"2024-07-05T14:58:36+00:00","twitter_card":"summary_large_image","twitter_misc":{"Gesch\u00e4tzte Lesezeit":"6\u00a0Minuten"},"schema":{"@context":"https:\/\/schema.org","@graph":[{"@type":"WebPage","@id":"https:\/\/stage.aecsv.com\/about\/","url":"https:\/\/stage.aecsv.com\/about\/","name":"\u00dcber AEC SV - AECSV","isPartOf":{"@id":"https:\/\/stage.aecsv.com\/#website"},"datePublished":"2023-06-21T14:53:12+00:00","dateModified":"2024-07-05T14:58:36+00:00","breadcrumb":{"@id":"https:\/\/stage.aecsv.com\/about\/#breadcrumb"},"inLanguage":"de","potentialAction":[{"@type":"ReadAction","target":["https:\/\/stage.aecsv.com\/about\/"]}]},{"@type":"BreadcrumbList","@id":"https:\/\/stage.aecsv.com\/about\/#breadcrumb","itemListElement":[{"@type":"ListItem","position":1,"name":"Home","item":"https:\/\/stage.aecsv.com\/de\/"},{"@type":"ListItem","position":2,"name":"\u00dcber AEC SV"}]},{"@type":"WebSite","@id":"https:\/\/stage.aecsv.com\/#website","url":"https:\/\/stage.aecsv.com\/","name":"AECSV","description":"Official Importer of Chevrolet, GMC and Cadillac Vehicles in Europe","publisher":{"@id":"https:\/\/stage.aecsv.com\/#organization"},"potentialAction":[{"@type":"SearchAction","target":{"@type":"EntryPoint","urlTemplate":"https:\/\/stage.aecsv.com\/?s={search_term_string}"},"query-input":{"@type":"PropertyValueSpecification","valueRequired":true,"valueName":"search_term_string"}}],"inLanguage":"de"},{"@type":"Organization","@id":"https:\/\/stage.aecsv.com\/#organization","name":"AECSV","url":"https:\/\/stage.aecsv.com\/","logo":{"@type":"ImageObject","inLanguage":"de","@id":"https:\/\/stage.aecsv.com\/#\/schema\/logo\/image\/","url":"https:\/\/stage.aecsv.com\/wp-content\/uploads\/2022\/07\/aec-sv-logo-cropped.svg","contentUrl":"https:\/\/stage.aecsv.com\/wp-content\/uploads\/2022\/07\/aec-sv-logo-cropped.svg","width":1657,"height":716,"caption":"AECSV"},"image":{"@id":"https:\/\/stage.aecsv.com\/#\/schema\/logo\/image\/"}}]}},"_links":{"self":[{"href":"https:\/\/stage.aecsv.com\/de\/wp-json\/wp\/v2\/pages\/45525","targetHints":{"allow":["GET"]}}],"collection":[{"href":"https:\/\/stage.aecsv.com\/de\/wp-json\/wp\/v2\/pages"}],"about":[{"href":"https:\/\/stage.aecsv.com\/de\/wp-json\/wp\/v2\/types\/page"}],"author":[{"embeddable":true,"href":"https:\/\/stage.aecsv.com\/de\/wp-json\/wp\/v2\/users\/20"}],"replies":[{"embeddable":true,"href":"https:\/\/stage.aecsv.com\/de\/wp-json\/wp\/v2\/comments?post=45525"}],"version-history":[{"count":0,"href":"https:\/\/stage.aecsv.com\/de\/wp-json\/wp\/v2\/pages\/45525\/revisions"}],"wp:attachment":[{"href":"https:\/\/stage.aecsv.com\/de\/wp-json\/wp\/v2\/media?parent=45525"}],"curies":[{"name":"wp","href":"https:\/\/api.w.org\/{rel}","templated":true}]}}