{"id":45530,"date":"2023-06-07T14:16:29","date_gmt":"2023-06-07T12:16:29","guid":{"rendered":"https:\/\/aecsv.com\/?page_id=45530"},"modified":"2024-07-05T16:58:36","modified_gmt":"2024-07-05T14:58:36","slug":"emissionen-verbrauch","status":"publish","type":"page","link":"https:\/\/stage.aecsv.com\/de\/cadillac-europe\/emissionen-verbrauch\/","title":{"rendered":"Emissionen &amp; Verbrauch"},"content":{"rendered":"<section class=\"wpb-content-wrapper\"><p>[vc_row][vc_column css=&#8220;.vc_custom_1681851183310{padding-top: 150px !important;padding-bottom: 50px !important;}&#8220;][vc_column_text]<\/p>\n<h1 style=\"text-align: center;\">Emissionen &amp; Verbrauchswerte<\/h1>\n<p>[\/vc_column_text][\/vc_column][\/vc_row][vc_row][vc_column][vc_column_text]<span style=\"font-size: 16px; font-style: normal; font-weight: 400;\">In dem Bem\u00fchen, der \u00d6ffentlichkeit vergleichbare Informationen zur Verf\u00fcgung zu stellen, hat AEC SV die folgende Tabelle erstellt, in der die Emissions- und Verbrauchswerte aufgef\u00fchrt sind.<\/span><\/p>\n<p>Die oben angegebenen Daten zum Kraftstoffverbrauch und zu den Emissionen sind lediglich Berechnungen und keine offiziell getesteten Daten im WLTP-Zyklus, in \u00dcbereinstimmung mit der Art der Homologation.<\/p>\n<p>Haben Sie Spa\u00df, fahren Sie verantwortungsbewusst.<\/p>\n<p><em><span style=\"font-size: 16px; font-weight: 400;\">Der tats\u00e4chliche Verbrauch und die Emissionen k\u00f6nnen je nach Ihrem Fahrstil von den unten aufgef\u00fchrten Werten abweichen. <\/span><\/em>[\/vc_column_text][vc_raw_html]PGRpdiBjbGFzcz0idGJsX3dyYXBvZXIiPgo8ZGl2IGNsYXNzPSJ0YmxfY29udGVudCI+Cjx0YWJsZSBjbGFzcz0id2x0cF90YWJsZSI+CjxjYXB0aW9uPiA8L2NhcHRpb24+Cjx0Ym9keT4KCjx0cj4KPHRoIGNsYXNzPSJib3JkZXItcmlnaHQiIGNvbHNwYW49IjEiPjwvdGg+Cjx0aCBjbGFzcz0iYm9yZGVyLXJpZ2h0IiBjb2xzcGFuPSIxIj5LcmFmdHN0b2ZmdmVyYnJhdWNoICBbbC8xMDBrbV08L3RoPgo8dGggY29sc3Bhbj0iMSI+Q08yICBbZy9rbV08L3RoPgo8L3RyPgogICAgCjx0cj4KPHRkIGNsYXNzPSJ0YmxfdG9wIj5DYWRpbGxhYyBFc2NhbGFkZTwvdGQ+Cjx0ZCBjbGFzcz0idGJsX3RvcCI+MTYsNUwvMTAwS008L3RkPgo8dGQgY2xhc3M9InRibF90b3AiPjM5MyBnL2ttPC90ZD4KPC90cj4KICAgIAo8dHI+Cjx0ZD5DYWRpbGxhYyBFc2NhbGFkZSBFU1Y8L3RkPgo8dGQ+MTYsOUwvMTAwS008L3RkPgo8dGQ+NDAzIGcva208L3RkPgo8L3RyPgogICAgCjx0cj4KPHRkPkNhZGlsbGFjIFhUNjwvdGQ+Cjx0ZD4xMiw5TC8xMDBLTTwvdGQ+Cjx0ZD4zMDYgZy9rbTwvdGQ+CjwvdHI+CiAgICAKPC90Ym9keT4KPC90YWJsZT4KPC9kaXY+CjwvZGl2Pg==[\/vc_raw_html][\/vc_column][\/vc_row][vc_row][vc_column][vc_empty_space height=&#8220;100px&#8220;][\/vc_column][\/vc_row]<\/p>\n<\/section>","protected":false},"excerpt":{"rendered":"<p>[vc_row][vc_column css=&#8220;.vc_custom_1681851183310{padding-top: 150px !important;padding-bottom: 50px !important;}&#8220;][vc_column_text] Emissionen &amp; Verbrauchswerte [\/vc_column_text][\/vc_column][\/vc_row][vc_row][vc_column][vc_column_text]In dem Bem\u00fchen, der \u00d6ffentlichkeit vergleichbare Informationen zur Verf\u00fcgung zu stellen, hat AEC SV die folgende Tabelle erstellt, in der die Emissions- und Verbrauchswerte aufgef\u00fchrt sind. Die oben angegebenen Daten zum Kraftstoffverbrauch und zu den Emissionen sind lediglich Berechnungen und keine offiziell getesteten Daten im WLTP-Zyklus, [&hellip;]<\/p>\n","protected":false},"author":20,"featured_media":0,"parent":45531,"menu_order":0,"comment_status":"closed","ping_status":"closed","template":"","meta":{"site-sidebar-layout":"no-sidebar","site-content-layout":"plain-container","ast-site-content-layout":"default","site-content-style":"default","site-sidebar-style":"default","ast-global-header-display":"","ast-banner-title-visibility":"","ast-main-header-display":"","ast-hfb-above-header-display":"","ast-hfb-below-header-display":"","ast-hfb-mobile-header-display":"","site-post-title":"disabled","ast-breadcrumbs-content":"","ast-featured-img":"disabled","footer-sml-layout":"","ast-disable-related-posts":"","theme-transparent-header-meta":"default","adv-header-id-meta":"","stick-header-meta":"default","header-above-stick-meta":"","header-main-stick-meta":"","header-below-stick-meta":"","astra-migrate-meta-layouts":"default","ast-page-background-enabled":"default","ast-page-background-meta":{"desktop":{"background-color":"","background-image":"","background-repeat":"repeat","background-position":"center center","background-size":"auto","background-attachment":"scroll","background-type":"","background-media":"","overlay-type":"","overlay-color":"","overlay-opacity":"","overlay-gradient":""},"tablet":{"background-color":"","background-image":"","background-repeat":"repeat","background-position":"center center","background-size":"auto","background-attachment":"scroll","background-type":"","background-media":"","overlay-type":"","overlay-color":"","overlay-opacity":"","overlay-gradient":""},"mobile":{"background-color":"","background-image":"","background-repeat":"repeat","background-position":"center center","background-size":"auto","background-attachment":"scroll","background-type":"","background-media":"","overlay-type":"","overlay-color":"","overlay-opacity":"","overlay-gradient":""}},"ast-content-background-meta":{"desktop":{"background-color":"var(--ast-global-color-5)","background-image":"","background-repeat":"repeat","background-position":"center center","background-size":"auto","background-attachment":"scroll","background-type":"","background-media":"","overlay-type":"","overlay-color":"","overlay-opacity":"","overlay-gradient":""},"tablet":{"background-color":"var(--ast-global-color-5)","background-image":"","background-repeat":"repeat","background-position":"center center","background-size":"auto","background-attachment":"scroll","background-type":"","background-media":"","overlay-type":"","overlay-color":"","overlay-opacity":"","overlay-gradient":""},"mobile":{"background-color":"var(--ast-global-color-5)","background-image":"","background-repeat":"repeat","background-position":"center center","background-size":"auto","background-attachment":"scroll","background-type":"","background-media":"","overlay-type":"","overlay-color":"","overlay-opacity":"","overlay-gradient":""}},"footnotes":"","_wp_rev_ctl_limit":""},"class_list":["post-45530","page","type-page","status-publish","hentry"],"acf":[],"yoast_head":"<!-- This site is optimized with the Yoast SEO plugin v27.3 - https:\/\/yoast.com\/product\/yoast-seo-wordpress\/ -->\n<title>Emissionen &amp; Verbrauch - AECSV<\/title>\n<meta name=\"robots\" content=\"index, follow, max-snippet:-1, max-image-preview:large, max-video-preview:-1\" \/>\n<link rel=\"canonical\" href=\"https:\/\/stage.aecsv.com\/cadillac-europe\/emissions-consumption\/\" \/>\n<meta property=\"og:locale\" content=\"de_DE\" \/>\n<meta property=\"og:type\" content=\"article\" \/>\n<meta property=\"og:title\" content=\"Emissionen &amp; Verbrauch - AECSV\" \/>\n<meta property=\"og:description\" content=\"[vc_row][vc_column css=&#8220;.vc_custom_1681851183310{padding-top: 150px !important;padding-bottom: 50px !important;}&#8220;][vc_column_text] Emissionen &amp; Verbrauchswerte [\/vc_column_text][\/vc_column][\/vc_row][vc_row][vc_column][vc_column_text]In dem Bem\u00fchen, der \u00d6ffentlichkeit vergleichbare Informationen zur Verf\u00fcgung zu stellen, hat AEC SV die folgende Tabelle erstellt, in der die Emissions- und Verbrauchswerte aufgef\u00fchrt sind. Die oben angegebenen Daten zum Kraftstoffverbrauch und zu den Emissionen sind lediglich Berechnungen und keine offiziell getesteten Daten im WLTP-Zyklus, [&hellip;]\" \/>\n<meta property=\"og:url\" content=\"https:\/\/stage.aecsv.com\/cadillac-europe\/emissions-consumption\/\" \/>\n<meta property=\"og:site_name\" content=\"AECSV\" \/>\n<meta property=\"article:modified_time\" content=\"2024-07-05T14:58:36+00:00\" \/>\n<meta name=\"twitter:card\" content=\"summary_large_image\" \/>\n<meta name=\"twitter:label1\" content=\"Gesch\u00e4tzte Lesezeit\" \/>\n\t<meta name=\"twitter:data1\" content=\"1\u00a0Minute\" \/>\n<script type=\"application\/ld+json\" class=\"yoast-schema-graph\">{\"@context\":\"https:\\\/\\\/schema.org\",\"@graph\":[{\"@type\":\"WebPage\",\"@id\":\"https:\\\/\\\/stage.aecsv.com\\\/cadillac-europe\\\/emissions-consumption\\\/\",\"url\":\"https:\\\/\\\/stage.aecsv.com\\\/cadillac-europe\\\/emissions-consumption\\\/\",\"name\":\"Emissionen &amp; Verbrauch - AECSV\",\"isPartOf\":{\"@id\":\"https:\\\/\\\/stage.aecsv.com\\\/#website\"},\"datePublished\":\"2023-06-07T12:16:29+00:00\",\"dateModified\":\"2024-07-05T14:58:36+00:00\",\"breadcrumb\":{\"@id\":\"https:\\\/\\\/stage.aecsv.com\\\/cadillac-europe\\\/emissions-consumption\\\/#breadcrumb\"},\"inLanguage\":\"de\",\"potentialAction\":[{\"@type\":\"ReadAction\",\"target\":[\"https:\\\/\\\/stage.aecsv.com\\\/cadillac-europe\\\/emissions-consumption\\\/\"]}]},{\"@type\":\"BreadcrumbList\",\"@id\":\"https:\\\/\\\/stage.aecsv.com\\\/cadillac-europe\\\/emissions-consumption\\\/#breadcrumb\",\"itemListElement\":[{\"@type\":\"ListItem\",\"position\":1,\"name\":\"Home\",\"item\":\"https:\\\/\\\/stage.aecsv.com\\\/de\\\/\"},{\"@type\":\"ListItem\",\"position\":2,\"name\":\"Cadillac Europa Startseite\",\"item\":\"https:\\\/\\\/stage.aecsv.com\\\/de\\\/cadillac-europe\\\/\"},{\"@type\":\"ListItem\",\"position\":3,\"name\":\"Emissionen &amp; Verbrauch\"}]},{\"@type\":\"WebSite\",\"@id\":\"https:\\\/\\\/stage.aecsv.com\\\/#website\",\"url\":\"https:\\\/\\\/stage.aecsv.com\\\/\",\"name\":\"AECSV\",\"description\":\"Official Importer of Chevrolet, GMC and Cadillac Vehicles in Europe\",\"publisher\":{\"@id\":\"https:\\\/\\\/stage.aecsv.com\\\/#organization\"},\"potentialAction\":[{\"@type\":\"SearchAction\",\"target\":{\"@type\":\"EntryPoint\",\"urlTemplate\":\"https:\\\/\\\/stage.aecsv.com\\\/?s={search_term_string}\"},\"query-input\":{\"@type\":\"PropertyValueSpecification\",\"valueRequired\":true,\"valueName\":\"search_term_string\"}}],\"inLanguage\":\"de\"},{\"@type\":\"Organization\",\"@id\":\"https:\\\/\\\/stage.aecsv.com\\\/#organization\",\"name\":\"AECSV\",\"url\":\"https:\\\/\\\/stage.aecsv.com\\\/\",\"logo\":{\"@type\":\"ImageObject\",\"inLanguage\":\"de\",\"@id\":\"https:\\\/\\\/stage.aecsv.com\\\/#\\\/schema\\\/logo\\\/image\\\/\",\"url\":\"https:\\\/\\\/stage.aecsv.com\\\/wp-content\\\/uploads\\\/2022\\\/07\\\/aec-sv-logo-cropped.svg\",\"contentUrl\":\"https:\\\/\\\/stage.aecsv.com\\\/wp-content\\\/uploads\\\/2022\\\/07\\\/aec-sv-logo-cropped.svg\",\"width\":1657,\"height\":716,\"caption\":\"AECSV\"},\"image\":{\"@id\":\"https:\\\/\\\/stage.aecsv.com\\\/#\\\/schema\\\/logo\\\/image\\\/\"}}]}<\/script>\n<!-- \/ Yoast SEO plugin. -->","yoast_head_json":{"title":"Emissionen &amp; Verbrauch - AECSV","robots":{"index":"index","follow":"follow","max-snippet":"max-snippet:-1","max-image-preview":"max-image-preview:large","max-video-preview":"max-video-preview:-1"},"canonical":"https:\/\/stage.aecsv.com\/cadillac-europe\/emissions-consumption\/","og_locale":"de_DE","og_type":"article","og_title":"Emissionen &amp; Verbrauch - AECSV","og_description":"[vc_row][vc_column css=&#8220;.vc_custom_1681851183310{padding-top: 150px !important;padding-bottom: 50px !important;}&#8220;][vc_column_text] Emissionen &amp; Verbrauchswerte [\/vc_column_text][\/vc_column][\/vc_row][vc_row][vc_column][vc_column_text]In dem Bem\u00fchen, der \u00d6ffentlichkeit vergleichbare Informationen zur Verf\u00fcgung zu stellen, hat AEC SV die folgende Tabelle erstellt, in der die Emissions- und Verbrauchswerte aufgef\u00fchrt sind. Die oben angegebenen Daten zum Kraftstoffverbrauch und zu den Emissionen sind lediglich Berechnungen und keine offiziell getesteten Daten im WLTP-Zyklus, [&hellip;]","og_url":"https:\/\/stage.aecsv.com\/cadillac-europe\/emissions-consumption\/","og_site_name":"AECSV","article_modified_time":"2024-07-05T14:58:36+00:00","twitter_card":"summary_large_image","twitter_misc":{"Gesch\u00e4tzte Lesezeit":"1\u00a0Minute"},"schema":{"@context":"https:\/\/schema.org","@graph":[{"@type":"WebPage","@id":"https:\/\/stage.aecsv.com\/cadillac-europe\/emissions-consumption\/","url":"https:\/\/stage.aecsv.com\/cadillac-europe\/emissions-consumption\/","name":"Emissionen &amp; Verbrauch - AECSV","isPartOf":{"@id":"https:\/\/stage.aecsv.com\/#website"},"datePublished":"2023-06-07T12:16:29+00:00","dateModified":"2024-07-05T14:58:36+00:00","breadcrumb":{"@id":"https:\/\/stage.aecsv.com\/cadillac-europe\/emissions-consumption\/#breadcrumb"},"inLanguage":"de","potentialAction":[{"@type":"ReadAction","target":["https:\/\/stage.aecsv.com\/cadillac-europe\/emissions-consumption\/"]}]},{"@type":"BreadcrumbList","@id":"https:\/\/stage.aecsv.com\/cadillac-europe\/emissions-consumption\/#breadcrumb","itemListElement":[{"@type":"ListItem","position":1,"name":"Home","item":"https:\/\/stage.aecsv.com\/de\/"},{"@type":"ListItem","position":2,"name":"Cadillac Europa Startseite","item":"https:\/\/stage.aecsv.com\/de\/cadillac-europe\/"},{"@type":"ListItem","position":3,"name":"Emissionen &amp; Verbrauch"}]},{"@type":"WebSite","@id":"https:\/\/stage.aecsv.com\/#website","url":"https:\/\/stage.aecsv.com\/","name":"AECSV","description":"Official Importer of Chevrolet, GMC and Cadillac Vehicles in Europe","publisher":{"@id":"https:\/\/stage.aecsv.com\/#organization"},"potentialAction":[{"@type":"SearchAction","target":{"@type":"EntryPoint","urlTemplate":"https:\/\/stage.aecsv.com\/?s={search_term_string}"},"query-input":{"@type":"PropertyValueSpecification","valueRequired":true,"valueName":"search_term_string"}}],"inLanguage":"de"},{"@type":"Organization","@id":"https:\/\/stage.aecsv.com\/#organization","name":"AECSV","url":"https:\/\/stage.aecsv.com\/","logo":{"@type":"ImageObject","inLanguage":"de","@id":"https:\/\/stage.aecsv.com\/#\/schema\/logo\/image\/","url":"https:\/\/stage.aecsv.com\/wp-content\/uploads\/2022\/07\/aec-sv-logo-cropped.svg","contentUrl":"https:\/\/stage.aecsv.com\/wp-content\/uploads\/2022\/07\/aec-sv-logo-cropped.svg","width":1657,"height":716,"caption":"AECSV"},"image":{"@id":"https:\/\/stage.aecsv.com\/#\/schema\/logo\/image\/"}}]}},"_links":{"self":[{"href":"https:\/\/stage.aecsv.com\/de\/wp-json\/wp\/v2\/pages\/45530","targetHints":{"allow":["GET"]}}],"collection":[{"href":"https:\/\/stage.aecsv.com\/de\/wp-json\/wp\/v2\/pages"}],"about":[{"href":"https:\/\/stage.aecsv.com\/de\/wp-json\/wp\/v2\/types\/page"}],"author":[{"embeddable":true,"href":"https:\/\/stage.aecsv.com\/de\/wp-json\/wp\/v2\/users\/20"}],"replies":[{"embeddable":true,"href":"https:\/\/stage.aecsv.com\/de\/wp-json\/wp\/v2\/comments?post=45530"}],"version-history":[{"count":0,"href":"https:\/\/stage.aecsv.com\/de\/wp-json\/wp\/v2\/pages\/45530\/revisions"}],"up":[{"embeddable":true,"href":"https:\/\/stage.aecsv.com\/de\/wp-json\/wp\/v2\/pages\/45531"}],"wp:attachment":[{"href":"https:\/\/stage.aecsv.com\/de\/wp-json\/wp\/v2\/media?parent=45530"}],"curies":[{"name":"wp","href":"https:\/\/api.w.org\/{rel}","templated":true}]}}