{"id":45544,"date":"2024-01-30T18:06:05","date_gmt":"2024-01-30T17:06:05","guid":{"rendered":"https:\/\/aecsv.com\/?page_id=45544"},"modified":"2024-07-05T16:58:33","modified_gmt":"2024-07-05T14:58:33","slug":"rechtlicher-hinweis","status":"publish","type":"page","link":"https:\/\/stage.aecsv.com\/de\/rechtlicher-hinweis\/","title":{"rendered":"Rechtlicher Hinweis"},"content":{"rendered":"<section class=\"wpb-content-wrapper\"><p>[vc_row el_class=&#8220;terms_table_center&#8220; css=&#8220;.vc_custom_1706554389290{padding-bottom: 8rem !important;}&#8220;][vc_column width=&#8220;3\/4&#8243; css=&#8220;.vc_custom_1650398332505{margin-top: 20px !important;}&#8220; offset=&#8220;vc_col-sm-offset-0&#8243;][vc_column_text el_class=&#8220;terms_table_center&#8220;]<\/p>\n<h2>Rechtlicher Hinweis<\/h2>\n<p>Die auf dieser Website enthaltenen Informationen sollten nicht ohne die schriftliche oder autorisierte Zustimmung von AEC verwendet werden.<br \/>\nDie Namen der Automobilhersteller und ihre jeweiligen Fahrzeugnamen und Modelle sind Marken (&#8222;Marken&#8220;), die Eigentum der Automobilhersteller und\/oder ihrer US-amerikanischen\/europ\u00e4ischen Gegenst\u00fccke sind. Das Vorhandensein dieser Marken bedeutet nicht, dass Sie berechtigt sind, Fahrzeuge, Produkte oder Dienstleistungen f\u00fcr den Hersteller zu vertreiben, es sei denn, dies ist ausdr\u00fccklich angegeben. Die Erw\u00e4hnung der oben genannten Marken dient lediglich der Information \u00fcber das Produkt- und Dienstleistungsangebot des Herstellers und seiner autorisierten Vertreter\/Vertriebspartner. AEC (AEC Specialty Vehicles) ist ein autorisierter Importeur von Dodge &amp; RAM f\u00fcr die EUFTA.<\/p>\n<p><strong>1. Akzeptanz der Nutzungsbedingungen<\/strong><\/p>\n<p>AEC Specialty Vehicles (AEC) unterh\u00e4lt diese Website als Service f\u00fcr Besucher und potenzielle Kunden. Die in dieser Erkl\u00e4rung dargelegten Haftungsausschl\u00fcsse, Bedingungen und Konditionen gelten f\u00fcr die Nutzung dieser Website. Durch die Nutzung der Website erkl\u00e4ren Sie, dass Sie die Haftungsausschl\u00fcsse und Nutzungsbedingungen akzeptieren und sich an diese halten.<\/p>\n<p><strong>2. Nutzung der Website<\/strong><\/p>\n<p>Besucher und potenzielle Kunden von AEC., die sich rechtm\u00e4\u00dfig \u00fcber unser Unternehmen informieren m\u00f6chten, d\u00fcrfen diese Website nur in \u00dcbereinstimmung mit allen geltenden Gesetzen nutzen.<\/p>\n<p><strong>3. Warenzeichen, Handelsnamen und Dom\u00e4nennamen<\/strong><\/p>\n<p>&#8222;AEC Specialty Vehicles&#8220; und &#8220; AEC &#8220; sind die Handelsnamen und Domainnamen von AEC Specialty Vehicles. Andere Produkte, Dienstleistungen und Firmen- oder Produktnamen, die auf dieser Website erw\u00e4hnt werden, k\u00f6nnen Marken, Handelsnamen oder Dom\u00e4nennamen der jeweiligen Eigent\u00fcmer sein.<\/p>\n<p><strong>4. An die AEC gesendete Informationen<\/strong><\/p>\n<p>Alle E-Mails, Nachrichten und Vorschl\u00e4ge, die \u00fcber &#8222;aecorp.com&#8220; an AEC gesendet werden, gehen in das alleinige Eigentum von AEC \u00fcber.<\/p>\n<p><strong>5. Eigentum an der Website<\/strong><\/p>\n<p>Der gesamte Inhalt, die Organisation, die Grafiken, das Design, die Zusammenstellung, die Technologie und andere Angelegenheiten im Zusammenhang mit dieser Website (einzeln und zusammen &#8222;Material&#8220;) sind Eigentum von AEC Specialty Vehicles oder seinen Lieferanten und sind durch die geltenden kanadischen und internationalen Gesetze \u00fcber Urheberrechte, Marken und andere Eigentumsrechte (einschlie\u00dflich, aber nicht beschr\u00e4nkt auf geistiges Eigentum) gesch\u00fctzt. Sie d\u00fcrfen das Material nur f\u00fcr Ihre eigene pers\u00f6nliche, nicht-kommerzielle Nutzung der Website und in Verbindung mit den Dienstleistungen von AEC verwenden. Sie d\u00fcrfen nicht anderweitig vervielf\u00e4ltigt oder weiterverteilt werden.<\/p>\n<p>Sofern nicht anders angegeben, stellen Produktnamen, Zeichnungen, Logos, Titel, Texte, Bilder oder jede andere Art von Inhalt dieser Website Handelsmarken, Dienstleistungsmarken, Handelsnamen, urheberrechtlich gesch\u00fctztes Material oder anderes geistiges Eigentum von AEC dar. AEC ist der alleinige Eigent\u00fcmer dieses Eigentums und hat die exklusiven Rechte daran.<\/p>\n<p><strong>6. Geltendes Recht<\/strong><\/p>\n<p>Diese Website wird von AEC, in der Provinz Ontario, Kanada, kontrolliert. Die Gesetze der Provinz Ontario und die anwendbaren Bundesgesetze Kanadas sind ma\u00dfgeblich f\u00fcr diese Haftungsausschl\u00fcsse, Bedingungen und Konditionen, ohne dass die Grunds\u00e4tze des Kollisionsrechts zur Anwendung kommen. Alle Anspr\u00fcche und Verfahren, die sich im Zusammenhang mit diesem Haftungsausschluss ergeben, werden gem\u00e4\u00df den Bestimmungen des Arbitration Act RSO, 1990 in seiner ge\u00e4nderten Fassung entschieden und finden in Ontario, Kanada, statt. AEC beh\u00e4lt sich das Recht vor, jederzeit \u00c4nderungen an unserer Website und diesen Haftungsausschl\u00fcssen, Bedingungen und Konditionen vorzunehmen.<\/p>\n<p>Dieser Haftungsausschluss steht nicht im Widerspruch zu den Bestimmungen der einschl\u00e4gigen Gesetzgebung, ob auf Bundes-, Provinz- oder Territorialebene, die in Kanada f\u00fcr diesen Gegenstand gelten.<\/p>\n<p>*Weitere Informationen zum offiziellen Kraftstoffverbrauch und den offiziellen spezifischen CO2-Emissionen neuer Personenkraftwagen finden Sie im &#8222;Leitfaden \u00fcber den Kraftstoffverbrauch, die CO2-Emissionen und den Stromverbrauch neuer Personenkraftwagen&#8220;, der an allen Verkaufsstellen und bei DAT Deutsche Automobil Treuhand GmbH, Hellmuth-Hirth-Str., unentgeltlich erh\u00e4ltlich ist. 1, 73760 Ostfildern, Deutschland oder unter www.dat.de.<\/p>\n<p>Sie finden unsere interne Meldestelle nach dem Hinweisgeberschutzgesetz (HinSchG) unter: <a href=\"https:\/\/aec.whistleapp.eu\/\" target=\"_blank\" rel=\"noopener\">https:\/\/aec.whistleapp.eu\/.<\/a><br \/>\nDie zugeh\u00f6rige Telefonnummer der Meldestelle lautet: +49 931-780877-99.[\/vc_column_text][\/vc_column][\/vc_row][vc_row el_class=&#8220;terms_table_center&#8220; css=&#8220;.vc_custom_1706554389290{padding-bottom: 8rem !important;}&#8220;][vc_column width=&#8220;3\/4&#8243; css=&#8220;.vc_custom_1650398332505{margin-top: 20px !important;}&#8220; offset=&#8220;vc_col-sm-offset-0&#8243;][vc_column_text el_class=&#8220;terms_table_center&#8220;]<\/p>\n<h3><strong>Verhaltenskodex f\u00fcr Lieferanten  <\/strong><\/h3>\n<p>Unser<strong> Verhaltenskodex f\u00fcr Lieferanten<\/strong> definiert die Mindestanforderungen von AEC SV f\u00fcr den gesch\u00e4ftlichen Umgang mit seinen Lieferanten.<\/p>\n<p>Laden Sie <a href=\"https:\/\/stage.aecsv.com\/wp-content\/uploads\/2024\/01\/POLICY_Code-of-Conduct-for-Suppliers_12.2023_EN_global.pdf\">hier<\/a> unseren <a href=\"https:\/\/stage.aecsv.com\/wp-content\/uploads\/2024\/01\/POLICY_Code-of-Conduct-for-Suppliers_12.2023_EN_global.pdf\">Verhaltenskodex f\u00fcr Lieferanten<\/a> herunter<\/p>\n<p><strong> <\/strong><\/p>\n<h3><strong>Allgemeine Bedingungen und Konditionen<\/strong><\/h3>\n<p>Unsere <strong>Allgemeinen<\/strong> Gesch\u00e4ftsbedingungen gelten f\u00fcr alle Gesch\u00e4ftsbeziehungen von AEC SV mit unseren Kunden.<\/p>\n<p>Laden Sie hier unsere <a href=\"https:\/\/stage.aecsv.com\/wp-content\/uploads\/2024\/01\/General-Terms-and-Conditions_AEC-Specialty-Vehicles_12.2023-German-law.pdf\">Allgemeinen<\/a> Gesch\u00e4ftsbedingungen f\u00fcr AEC Speciality Vehicles Ltd. herunter.[\/vc_column_text][\/vc_column][\/vc_row][vc_row el_class=&#8220;terms_table_center&#8220; css=&#8220;.vc_custom_1706554389290{padding-bottom: 8rem !important;}&#8220;][vc_column width=&#8220;3\/4&#8243; css=&#8220;.vc_custom_1650398332505{margin-top: 20px !important;}&#8220; offset=&#8220;vc_col-sm-offset-0&#8243;][vc_column_text el_class=&#8220;terms_table_center&#8220;]<\/p>\n<h3><strong>Erkl\u00e4rung zum Haftungsausschluss<\/strong><\/h3>\n<p>DIE NUTZUNG DIESER WEBSITE ERFOLGT AUF IHR EIGENES RISIKO. DIE WEBSITE UND DIE INHALTE WERDEN OHNE M\u00c4NGELGEW\u00c4HR UND OHNE ZUSICHERUNGEN ODER GARANTIEN JEGLICHER ART ZUR VERF\u00dcGUNG GESTELLT, EINSCHLIESSLICH JEGLICHER STILLSCHWEIGENDEN GARANTIEN DER HANDELS\u00dcBLICHEN QUALIT\u00c4T, DER EIGNUNG F\u00dcR EINEN BESTIMMTEN ZWECK, DES EIGENTUMS ODER DER NICHTVERLETZUNG VON RECHTEN. AEC GARANTIERT NICHT, DASS DIE WEBSITE ODER DER INHALT DIESER WEBSITE UNUNTERBROCHEN ODER FEHLERFREI FUNKTIONIERT, DASS FEHLER KORRIGIERT WERDEN ODER DASS DIESE WEBSITE ODER DER SERVER, DER SIE ZUR VERF\u00dcGUNG STELLT, FREI VON VIREN ODER ANDEREN SCH\u00c4DLICHEN KOMPONENTEN SIND.<\/p>\n<h4><strong> <\/strong><\/h4>\n<h3><strong>Warnung<\/strong><\/h3>\n<p>Die Website kann Links zu Websites von Dritten enthalten, die nicht im Besitz oder unter der Kontrolle von AEC sind. Die Links zu den Websites Dritter werden nur zu Ihrem Nutzen bereitgestellt. AEC hat keine Kontrolle \u00fcber die Verf\u00fcgbarkeit oder den Inhalt solcher Websites. Die Nutzung der verlinkten Websites erfolgt auf Ihr eigenes Risiko.[\/vc_column_text][\/vc_column][\/vc_row]<\/p>\n<\/section>","protected":false},"excerpt":{"rendered":"<p>[vc_row el_class=&#8220;terms_table_center&#8220; css=&#8220;.vc_custom_1706554389290{padding-bottom: 8rem !important;}&#8220;][vc_column width=&#8220;3\/4&#8243; css=&#8220;.vc_custom_1650398332505{margin-top: 20px !important;}&#8220; offset=&#8220;vc_col-sm-offset-0&#8243;][vc_column_text el_class=&#8220;terms_table_center&#8220;] Rechtlicher Hinweis Die auf dieser Website enthaltenen Informationen sollten nicht ohne die schriftliche oder autorisierte Zustimmung von AEC verwendet werden. Die Namen der Automobilhersteller und ihre jeweiligen Fahrzeugnamen und Modelle sind Marken (&#8222;Marken&#8220;), die Eigentum der Automobilhersteller und\/oder ihrer US-amerikanischen\/europ\u00e4ischen Gegenst\u00fccke sind. Das Vorhandensein [&hellip;]<\/p>\n","protected":false},"author":12,"featured_media":0,"parent":0,"menu_order":0,"comment_status":"closed","ping_status":"closed","template":"","meta":{"site-sidebar-layout":"no-sidebar","site-content-layout":"plain-container","ast-site-content-layout":"default","site-content-style":"default","site-sidebar-style":"default","ast-global-header-display":"","ast-banner-title-visibility":"","ast-main-header-display":"","ast-hfb-above-header-display":"","ast-hfb-below-header-display":"","ast-hfb-mobile-header-display":"","site-post-title":"disabled","ast-breadcrumbs-content":"","ast-featured-img":"disabled","footer-sml-layout":"","ast-disable-related-posts":"","theme-transparent-header-meta":"default","adv-header-id-meta":"","stick-header-meta":"default","header-above-stick-meta":"","header-main-stick-meta":"","header-below-stick-meta":"","astra-migrate-meta-layouts":"default","ast-page-background-enabled":"default","ast-page-background-meta":{"desktop":{"background-color":"","background-image":"","background-repeat":"repeat","background-position":"center center","background-size":"auto","background-attachment":"scroll","background-type":"","background-media":"","overlay-type":"","overlay-color":"","overlay-opacity":"","overlay-gradient":""},"tablet":{"background-color":"","background-image":"","background-repeat":"repeat","background-position":"center center","background-size":"auto","background-attachment":"scroll","background-type":"","background-media":"","overlay-type":"","overlay-color":"","overlay-opacity":"","overlay-gradient":""},"mobile":{"background-color":"","background-image":"","background-repeat":"repeat","background-position":"center center","background-size":"auto","background-attachment":"scroll","background-type":"","background-media":"","overlay-type":"","overlay-color":"","overlay-opacity":"","overlay-gradient":""}},"ast-content-background-meta":{"desktop":{"background-color":"var(--ast-global-color-5)","background-image":"","background-repeat":"repeat","background-position":"center center","background-size":"auto","background-attachment":"scroll","background-type":"","background-media":"","overlay-type":"","overlay-color":"","overlay-opacity":"","overlay-gradient":""},"tablet":{"background-color":"var(--ast-global-color-5)","background-image":"","background-repeat":"repeat","background-position":"center center","background-size":"auto","background-attachment":"scroll","background-type":"","background-media":"","overlay-type":"","overlay-color":"","overlay-opacity":"","overlay-gradient":""},"mobile":{"background-color":"var(--ast-global-color-5)","background-image":"","background-repeat":"repeat","background-position":"center center","background-size":"auto","background-attachment":"scroll","background-type":"","background-media":"","overlay-type":"","overlay-color":"","overlay-opacity":"","overlay-gradient":""}},"footnotes":"","_wp_rev_ctl_limit":""},"class_list":["post-45544","page","type-page","status-publish","hentry"],"acf":[],"yoast_head":"<!-- This site is optimized with the Yoast SEO plugin v27.3 - https:\/\/yoast.com\/product\/yoast-seo-wordpress\/ -->\n<title>Rechtlicher Hinweis - AECSV<\/title>\n<meta name=\"robots\" content=\"index, follow, max-snippet:-1, max-image-preview:large, max-video-preview:-1\" \/>\n<link rel=\"canonical\" href=\"https:\/\/stage.aecsv.com\/legal-notice\/\" \/>\n<meta property=\"og:locale\" content=\"de_DE\" \/>\n<meta property=\"og:type\" content=\"article\" \/>\n<meta property=\"og:title\" content=\"Rechtlicher Hinweis - AECSV\" \/>\n<meta property=\"og:description\" content=\"[vc_row el_class=&#8220;terms_table_center&#8220; css=&#8220;.vc_custom_1706554389290{padding-bottom: 8rem !important;}&#8220;][vc_column width=&#8220;3\/4&#8243; css=&#8220;.vc_custom_1650398332505{margin-top: 20px !important;}&#8220; offset=&#8220;vc_col-sm-offset-0&#8243;][vc_column_text el_class=&#8220;terms_table_center&#8220;] Rechtlicher Hinweis Die auf dieser Website enthaltenen Informationen sollten nicht ohne die schriftliche oder autorisierte Zustimmung von AEC verwendet werden. Die Namen der Automobilhersteller und ihre jeweiligen Fahrzeugnamen und Modelle sind Marken (&#8222;Marken&#8220;), die Eigentum der Automobilhersteller und\/oder ihrer US-amerikanischen\/europ\u00e4ischen Gegenst\u00fccke sind. Das Vorhandensein [&hellip;]\" \/>\n<meta property=\"og:url\" content=\"https:\/\/stage.aecsv.com\/legal-notice\/\" \/>\n<meta property=\"og:site_name\" content=\"AECSV\" \/>\n<meta property=\"article:modified_time\" content=\"2024-07-05T14:58:33+00:00\" \/>\n<meta name=\"twitter:card\" content=\"summary_large_image\" \/>\n<meta name=\"twitter:label1\" content=\"Gesch\u00e4tzte Lesezeit\" \/>\n\t<meta name=\"twitter:data1\" content=\"5\u00a0Minuten\" \/>\n<script type=\"application\/ld+json\" class=\"yoast-schema-graph\">{\"@context\":\"https:\\\/\\\/schema.org\",\"@graph\":[{\"@type\":\"WebPage\",\"@id\":\"https:\\\/\\\/stage.aecsv.com\\\/legal-notice\\\/\",\"url\":\"https:\\\/\\\/stage.aecsv.com\\\/legal-notice\\\/\",\"name\":\"Rechtlicher Hinweis - AECSV\",\"isPartOf\":{\"@id\":\"https:\\\/\\\/stage.aecsv.com\\\/#website\"},\"datePublished\":\"2024-01-30T17:06:05+00:00\",\"dateModified\":\"2024-07-05T14:58:33+00:00\",\"breadcrumb\":{\"@id\":\"https:\\\/\\\/stage.aecsv.com\\\/legal-notice\\\/#breadcrumb\"},\"inLanguage\":\"de\",\"potentialAction\":[{\"@type\":\"ReadAction\",\"target\":[\"https:\\\/\\\/stage.aecsv.com\\\/legal-notice\\\/\"]}]},{\"@type\":\"BreadcrumbList\",\"@id\":\"https:\\\/\\\/stage.aecsv.com\\\/legal-notice\\\/#breadcrumb\",\"itemListElement\":[{\"@type\":\"ListItem\",\"position\":1,\"name\":\"Home\",\"item\":\"https:\\\/\\\/stage.aecsv.com\\\/de\\\/\"},{\"@type\":\"ListItem\",\"position\":2,\"name\":\"Rechtlicher Hinweis\"}]},{\"@type\":\"WebSite\",\"@id\":\"https:\\\/\\\/stage.aecsv.com\\\/#website\",\"url\":\"https:\\\/\\\/stage.aecsv.com\\\/\",\"name\":\"AECSV\",\"description\":\"Official Importer of Chevrolet, GMC and Cadillac Vehicles in Europe\",\"publisher\":{\"@id\":\"https:\\\/\\\/stage.aecsv.com\\\/#organization\"},\"potentialAction\":[{\"@type\":\"SearchAction\",\"target\":{\"@type\":\"EntryPoint\",\"urlTemplate\":\"https:\\\/\\\/stage.aecsv.com\\\/?s={search_term_string}\"},\"query-input\":{\"@type\":\"PropertyValueSpecification\",\"valueRequired\":true,\"valueName\":\"search_term_string\"}}],\"inLanguage\":\"de\"},{\"@type\":\"Organization\",\"@id\":\"https:\\\/\\\/stage.aecsv.com\\\/#organization\",\"name\":\"AECSV\",\"url\":\"https:\\\/\\\/stage.aecsv.com\\\/\",\"logo\":{\"@type\":\"ImageObject\",\"inLanguage\":\"de\",\"@id\":\"https:\\\/\\\/stage.aecsv.com\\\/#\\\/schema\\\/logo\\\/image\\\/\",\"url\":\"https:\\\/\\\/stage.aecsv.com\\\/wp-content\\\/uploads\\\/2022\\\/07\\\/aec-sv-logo-cropped.svg\",\"contentUrl\":\"https:\\\/\\\/stage.aecsv.com\\\/wp-content\\\/uploads\\\/2022\\\/07\\\/aec-sv-logo-cropped.svg\",\"width\":1657,\"height\":716,\"caption\":\"AECSV\"},\"image\":{\"@id\":\"https:\\\/\\\/stage.aecsv.com\\\/#\\\/schema\\\/logo\\\/image\\\/\"}}]}<\/script>\n<!-- \/ Yoast SEO plugin. -->","yoast_head_json":{"title":"Rechtlicher Hinweis - AECSV","robots":{"index":"index","follow":"follow","max-snippet":"max-snippet:-1","max-image-preview":"max-image-preview:large","max-video-preview":"max-video-preview:-1"},"canonical":"https:\/\/stage.aecsv.com\/legal-notice\/","og_locale":"de_DE","og_type":"article","og_title":"Rechtlicher Hinweis - AECSV","og_description":"[vc_row el_class=&#8220;terms_table_center&#8220; css=&#8220;.vc_custom_1706554389290{padding-bottom: 8rem !important;}&#8220;][vc_column width=&#8220;3\/4&#8243; css=&#8220;.vc_custom_1650398332505{margin-top: 20px !important;}&#8220; offset=&#8220;vc_col-sm-offset-0&#8243;][vc_column_text el_class=&#8220;terms_table_center&#8220;] Rechtlicher Hinweis Die auf dieser Website enthaltenen Informationen sollten nicht ohne die schriftliche oder autorisierte Zustimmung von AEC verwendet werden. Die Namen der Automobilhersteller und ihre jeweiligen Fahrzeugnamen und Modelle sind Marken (&#8222;Marken&#8220;), die Eigentum der Automobilhersteller und\/oder ihrer US-amerikanischen\/europ\u00e4ischen Gegenst\u00fccke sind. Das Vorhandensein [&hellip;]","og_url":"https:\/\/stage.aecsv.com\/legal-notice\/","og_site_name":"AECSV","article_modified_time":"2024-07-05T14:58:33+00:00","twitter_card":"summary_large_image","twitter_misc":{"Gesch\u00e4tzte Lesezeit":"5\u00a0Minuten"},"schema":{"@context":"https:\/\/schema.org","@graph":[{"@type":"WebPage","@id":"https:\/\/stage.aecsv.com\/legal-notice\/","url":"https:\/\/stage.aecsv.com\/legal-notice\/","name":"Rechtlicher Hinweis - AECSV","isPartOf":{"@id":"https:\/\/stage.aecsv.com\/#website"},"datePublished":"2024-01-30T17:06:05+00:00","dateModified":"2024-07-05T14:58:33+00:00","breadcrumb":{"@id":"https:\/\/stage.aecsv.com\/legal-notice\/#breadcrumb"},"inLanguage":"de","potentialAction":[{"@type":"ReadAction","target":["https:\/\/stage.aecsv.com\/legal-notice\/"]}]},{"@type":"BreadcrumbList","@id":"https:\/\/stage.aecsv.com\/legal-notice\/#breadcrumb","itemListElement":[{"@type":"ListItem","position":1,"name":"Home","item":"https:\/\/stage.aecsv.com\/de\/"},{"@type":"ListItem","position":2,"name":"Rechtlicher Hinweis"}]},{"@type":"WebSite","@id":"https:\/\/stage.aecsv.com\/#website","url":"https:\/\/stage.aecsv.com\/","name":"AECSV","description":"Official Importer of Chevrolet, GMC and Cadillac Vehicles in Europe","publisher":{"@id":"https:\/\/stage.aecsv.com\/#organization"},"potentialAction":[{"@type":"SearchAction","target":{"@type":"EntryPoint","urlTemplate":"https:\/\/stage.aecsv.com\/?s={search_term_string}"},"query-input":{"@type":"PropertyValueSpecification","valueRequired":true,"valueName":"search_term_string"}}],"inLanguage":"de"},{"@type":"Organization","@id":"https:\/\/stage.aecsv.com\/#organization","name":"AECSV","url":"https:\/\/stage.aecsv.com\/","logo":{"@type":"ImageObject","inLanguage":"de","@id":"https:\/\/stage.aecsv.com\/#\/schema\/logo\/image\/","url":"https:\/\/stage.aecsv.com\/wp-content\/uploads\/2022\/07\/aec-sv-logo-cropped.svg","contentUrl":"https:\/\/stage.aecsv.com\/wp-content\/uploads\/2022\/07\/aec-sv-logo-cropped.svg","width":1657,"height":716,"caption":"AECSV"},"image":{"@id":"https:\/\/stage.aecsv.com\/#\/schema\/logo\/image\/"}}]}},"_links":{"self":[{"href":"https:\/\/stage.aecsv.com\/de\/wp-json\/wp\/v2\/pages\/45544","targetHints":{"allow":["GET"]}}],"collection":[{"href":"https:\/\/stage.aecsv.com\/de\/wp-json\/wp\/v2\/pages"}],"about":[{"href":"https:\/\/stage.aecsv.com\/de\/wp-json\/wp\/v2\/types\/page"}],"author":[{"embeddable":true,"href":"https:\/\/stage.aecsv.com\/de\/wp-json\/wp\/v2\/users\/12"}],"replies":[{"embeddable":true,"href":"https:\/\/stage.aecsv.com\/de\/wp-json\/wp\/v2\/comments?post=45544"}],"version-history":[{"count":0,"href":"https:\/\/stage.aecsv.com\/de\/wp-json\/wp\/v2\/pages\/45544\/revisions"}],"wp:attachment":[{"href":"https:\/\/stage.aecsv.com\/de\/wp-json\/wp\/v2\/media?parent=45544"}],"curies":[{"name":"wp","href":"https:\/\/api.w.org\/{rel}","templated":true}]}}