{"id":45546,"date":"2019-12-06T10:15:37","date_gmt":"2019-12-06T09:15:37","guid":{"rendered":"https:\/\/aecsv.com\/?page_id=45546"},"modified":"2024-07-05T16:58:37","modified_gmt":"2024-07-05T14:58:37","slug":"garantie-programm","status":"publish","type":"page","link":"https:\/\/stage.aecsv.com\/de\/garantie-programm\/","title":{"rendered":"Garantie Programm"},"content":{"rendered":"<section class=\"wpb-content-wrapper\"><p>[vc_row full_width=&#8220;stretch_row_content&#8220; css=&#8220;.vc_custom_1687796891519{background-image: url(https:\/\/stage.aecsv.com\/wp-content\/uploads\/2023\/06\/hero-warranty-program.webp?id=44913) !important;background-position: center !important;background-repeat: no-repeat !important;background-size: cover !important;}&#8220; el_class=&#8220;gradbg coverimage cadillac&#8220;][vc_column el_class=&#8220;emissionNoticeBottom&#8220; offset=&#8220;vc_hidden-sm vc_hidden-xs&#8220; css=&#8220;.vc_custom_1681830975970{padding-top: 0px !important;background-position: center !important;background-repeat: no-repeat !important;background-size: cover !important;}&#8220;][vc_row_inner][vc_column_inner el_class=&#8220;maintitle&#8220; css=&#8220;.vc_custom_1681830985414{background-position: center !important;background-repeat: no-repeat !important;background-size: cover !important;}&#8220;][vc_column_text el_class=&#8220;cadillac&#8220; css=&#8220;.vc_custom_1687371612987{padding-left: 2% !important;}&#8220;]<\/p>\n<h1 style=\"text-align: center;\">AECSV-Garantie-Programm<\/h1>\n<p>[\/vc_column_text][\/vc_column_inner][\/vc_row_inner][\/vc_column][\/vc_row][vc_row bg_type=&#8220;image&#8220; bg_override=&#8220;ex-full&#8220; margin_bottom=&#8220;-50&#8243;][vc_column offset=&#8220;vc_col-xs-12&#8243;][vc_row_inner][vc_column_inner][vc_column_text]<\/p>\n<h3 style=\"text-align: center;\"><strong>AECSV PREMIUM GARANTIE<\/strong><\/h3>\n<p>Wir haben das Richtige f\u00fcr Sie.<\/p>\n<p>Alle von uns verkauften Fahrzeuge werden mit einer AECSV Premium Plus-Garantie geliefert, die alle mechanischen und elektrischen Defekte f\u00fcr 36 Monate ab Kaufdatum abdeckt. Ersatzteile und Arbeitsaufwand werden w\u00e4hrend dieses Zeitraums und bis zu einer Laufleistung von 200.000 km vollst\u00e4ndig erstattet.<\/p>\n<p>Versicherungsschutz f\u00fcr 48 oder 60 Monate und bis zu 200.000 km sind auf Anfrage erh\u00e4ltlich.<\/p>\n<p>Die AECSV Premium-Plus Garantie wurde entwickelt, um Sie vor unvorhergesehenen Kosten zu sch\u00fctzen, die durch unerwartete Reparaturen entstehen.[\/vc_column_text][vc_empty_space][\/vc_column_inner][\/vc_row_inner][vc_column_text el_class=&#8220;durango2018&#8243;]<\/p>\n<h3>Fragen und Antworten:<\/h3>\n<p>[\/vc_column_text][vc_empty_space height=&#8220;22px&#8220;][vc_accordion active_tab=&#8220;false&#8220; collapsible=&#8220;yes&#8220; style=&#8220;3&#8243;][vc_accordion_tab title=&#8220;Wo ist die Garantie g\u00fcltig?&#8220;][vc_column_text]Die Garantie ist innerhalb der EU g\u00fcltig. Dies gilt auch f\u00fcr Fahrzeuge, die sich f\u00fcr einen Zeitraum von bis zu 10 Wochen an einem anderen Ort in Europa befinden. In vielen europ\u00e4ischen L\u00e4ndern stehen Ihnen unsere Niederlassungen zur Verf\u00fcgung, um Ihnen schnell und direkt zu helfen.[\/vc_column_text][\/vc_accordion_tab][vc_accordion_tab title=&#8220;F\u00fcr welche Autos gilt die Garantie nicht?&#8220;][vc_column_text]Die folgenden Fahrzeuge sind ausgeschlossen:<\/p>\n<ul>\n<li>Abschlepp- und Bergungsfahrzeuge, Kurier- und Bodenfahrzeuge, Krankenwagen und Fahrzeuge f\u00fcr den Transport von Behinderten, Fahrzeuge f\u00fcr die gewerbliche Bef\u00f6rderung von Personen, andere Fahrzeuge, die von Beh\u00f6rden genutzt wurden oder f\u00fcr die Nutzung durch Beh\u00f6rden vorgesehen sind.<\/li>\n<li>Alle Fahrzeuge, deren Serienzustand ver\u00e4ndert wurde oder die mit leistungssteigernden Teilen und Ma\u00dfnahmen ausgestattet sind.<\/li>\n<li>Alle Fahrzeuge, die f\u00fcr die Vermietung, als Taxis, f\u00fcr Fahrschulen und Mietfahrzeuge bestimmt sind.<\/li>\n<li>Alle nicht in Europa zugelassenen Fahrzeuge.<\/li>\n<\/ul>\n<p>[\/vc_column_text][\/vc_accordion_tab][vc_accordion_tab title=&#8220;Ist die Garantie \u00fcbertragbar?&#8220;][vc_column_text]Der Garantievertrag ist an das Fahrzeug gebunden, nicht an den Eigent\u00fcmer.<\/p>\n<p>Sollte das Fahrzeug verkauft werden, kann die Police auf den neuen Besitzer \u00fcbertragen werden.[\/vc_column_text][\/vc_accordion_tab][vc_accordion_tab title=&#8220;Was tun im Falle eines Defekts?&#8220;][vc_column_text]Kontaktieren Sie Ihren n\u00e4chsten AECSV-H\u00e4ndler. Ihr AECSV-H\u00e4ndler wird den Fehler untersuchen und die Reparatur im Rahmen der Garantie durchf\u00fchren, wenn AECSV diese genehmigt.[\/vc_column_text][\/vc_accordion_tab][\/vc_accordion][vc_empty_space height=&#8220;50px&#8220;][vc_column_text el_class=&#8220;durango2018&#8243;]<\/p>\n<h3>GARANTIE-KONTAKT<\/h3>\n<p>[\/vc_column_text][vc_empty_space height=&#8220;18px&#8220;][vc_column_text]Wir sind f\u00fcr Sie da!<\/p>\n<p>Bitte <a href=\"https:\/\/stage.aecsv.com\/de\/?page_id=45537\">kontaktieren Sie uns<\/a>, wenn Sie Fragen zur Garantieabdeckung haben.<\/p>\n<p>AECSV-H\u00e4ndler sind f\u00fcr die Durchf\u00fchrung von Garantiereparaturen geschult und zertifiziert.[\/vc_column_text][vc_empty_space height=&#8220;26px&#8220;][vc_empty_space height=&#8220;50px&#8220;][vc_empty_space height=&#8220;5px&#8220;][\/vc_column][vc_column][\/vc_column][\/vc_row]<\/p>\n<\/section>","protected":false},"excerpt":{"rendered":"<p>[vc_row full_width=&#8220;stretch_row_content&#8220; css=&#8220;.vc_custom_1687796891519{background-image: url(https:\/\/stage.aecsv.com\/wp-content\/uploads\/2023\/06\/hero-warranty-program.webp?id=44913) !important;background-position: center !important;background-repeat: no-repeat !important;background-size: cover !important;}&#8220; el_class=&#8220;gradbg coverimage cadillac&#8220;][vc_column el_class=&#8220;emissionNoticeBottom&#8220; offset=&#8220;vc_hidden-sm vc_hidden-xs&#8220; css=&#8220;.vc_custom_1681830975970{padding-top: 0px !important;background-position: center !important;background-repeat: no-repeat !important;background-size: cover !important;}&#8220;][vc_row_inner][vc_column_inner el_class=&#8220;maintitle&#8220; css=&#8220;.vc_custom_1681830985414{background-position: center !important;background-repeat: no-repeat !important;background-size: cover !important;}&#8220;][vc_column_text el_class=&#8220;cadillac&#8220; css=&#8220;.vc_custom_1687371612987{padding-left: 2% !important;}&#8220;] AECSV-Garantie-Programm [\/vc_column_text][\/vc_column_inner][\/vc_row_inner][\/vc_column][\/vc_row][vc_row bg_type=&#8220;image&#8220; bg_override=&#8220;ex-full&#8220; margin_bottom=&#8220;-50&#8243;][vc_column offset=&#8220;vc_col-xs-12&#8243;][vc_row_inner][vc_column_inner][vc_column_text] AECSV PREMIUM GARANTIE Wir haben das Richtige f\u00fcr Sie. Alle von [&hellip;]<\/p>\n","protected":false},"author":3,"featured_media":45299,"parent":0,"menu_order":0,"comment_status":"closed","ping_status":"closed","template":"","meta":{"site-sidebar-layout":"no-sidebar","site-content-layout":"plain-container","ast-site-content-layout":"default","site-content-style":"default","site-sidebar-style":"default","ast-global-header-display":"","ast-banner-title-visibility":"","ast-main-header-display":"","ast-hfb-above-header-display":"","ast-hfb-below-header-display":"","ast-hfb-mobile-header-display":"","site-post-title":"disabled","ast-breadcrumbs-content":"","ast-featured-img":"disabled","footer-sml-layout":"","ast-disable-related-posts":"","theme-transparent-header-meta":"default","adv-header-id-meta":"","stick-header-meta":"default","header-above-stick-meta":"","header-main-stick-meta":"","header-below-stick-meta":"","astra-migrate-meta-layouts":"default","ast-page-background-enabled":"default","ast-page-background-meta":{"desktop":{"background-color":"","background-image":"","background-repeat":"repeat","background-position":"center center","background-size":"auto","background-attachment":"scroll","background-type":"","background-media":"","overlay-type":"","overlay-color":"","overlay-opacity":"","overlay-gradient":""},"tablet":{"background-color":"","background-image":"","background-repeat":"repeat","background-position":"center center","background-size":"auto","background-attachment":"scroll","background-type":"","background-media":"","overlay-type":"","overlay-color":"","overlay-opacity":"","overlay-gradient":""},"mobile":{"background-color":"","background-image":"","background-repeat":"repeat","background-position":"center center","background-size":"auto","background-attachment":"scroll","background-type":"","background-media":"","overlay-type":"","overlay-color":"","overlay-opacity":"","overlay-gradient":""}},"ast-content-background-meta":{"desktop":{"background-color":"var(--ast-global-color-5)","background-image":"","background-repeat":"repeat","background-position":"center center","background-size":"auto","background-attachment":"scroll","background-type":"","background-media":"","overlay-type":"","overlay-color":"","overlay-opacity":"","overlay-gradient":""},"tablet":{"background-color":"var(--ast-global-color-5)","background-image":"","background-repeat":"repeat","background-position":"center center","background-size":"auto","background-attachment":"scroll","background-type":"","background-media":"","overlay-type":"","overlay-color":"","overlay-opacity":"","overlay-gradient":""},"mobile":{"background-color":"var(--ast-global-color-5)","background-image":"","background-repeat":"repeat","background-position":"center center","background-size":"auto","background-attachment":"scroll","background-type":"","background-media":"","overlay-type":"","overlay-color":"","overlay-opacity":"","overlay-gradient":""}},"footnotes":"","_wp_rev_ctl_limit":""},"class_list":["post-45546","page","type-page","status-publish","has-post-thumbnail","hentry"],"acf":[],"yoast_head":"<!-- This site is optimized with the Yoast SEO plugin v27.3 - https:\/\/yoast.com\/product\/yoast-seo-wordpress\/ -->\n<title>Garantie Programm - AECSV<\/title>\n<meta name=\"robots\" content=\"index, follow, max-snippet:-1, max-image-preview:large, max-video-preview:-1\" \/>\n<link rel=\"canonical\" href=\"https:\/\/stage.aecsv.com\/warranty-program\/\" \/>\n<meta property=\"og:locale\" content=\"de_DE\" \/>\n<meta property=\"og:type\" content=\"article\" \/>\n<meta property=\"og:title\" content=\"Garantie Programm - AECSV\" \/>\n<meta property=\"og:description\" content=\"[vc_row full_width=&#8220;stretch_row_content&#8220; css=&#8220;.vc_custom_1687796891519{background-image: url(https:\/\/stage.aecsv.com\/wp-content\/uploads\/2023\/06\/hero-warranty-program.webp?id=44913) !important;background-position: center !important;background-repeat: no-repeat !important;background-size: cover !important;}&#8220; el_class=&#8220;gradbg coverimage cadillac&#8220;][vc_column el_class=&#8220;emissionNoticeBottom&#8220; offset=&#8220;vc_hidden-sm vc_hidden-xs&#8220; css=&#8220;.vc_custom_1681830975970{padding-top: 0px !important;background-position: center !important;background-repeat: no-repeat !important;background-size: cover !important;}&#8220;][vc_row_inner][vc_column_inner el_class=&#8220;maintitle&#8220; css=&#8220;.vc_custom_1681830985414{background-position: center !important;background-repeat: no-repeat !important;background-size: cover !important;}&#8220;][vc_column_text el_class=&#8220;cadillac&#8220; css=&#8220;.vc_custom_1687371612987{padding-left: 2% !important;}&#8220;] AECSV-Garantie-Programm [\/vc_column_text][\/vc_column_inner][\/vc_row_inner][\/vc_column][\/vc_row][vc_row bg_type=&#8220;image&#8220; bg_override=&#8220;ex-full&#8220; margin_bottom=&#8220;-50&#8243;][vc_column offset=&#8220;vc_col-xs-12&#8243;][vc_row_inner][vc_column_inner][vc_column_text] AECSV PREMIUM GARANTIE Wir haben das Richtige f\u00fcr Sie. Alle von [&hellip;]\" \/>\n<meta property=\"og:url\" content=\"https:\/\/stage.aecsv.com\/warranty-program\/\" \/>\n<meta property=\"og:site_name\" content=\"AECSV\" \/>\n<meta property=\"article:modified_time\" content=\"2024-07-05T14:58:37+00:00\" \/>\n<meta name=\"twitter:card\" content=\"summary_large_image\" \/>\n<meta name=\"twitter:label1\" content=\"Gesch\u00e4tzte Lesezeit\" \/>\n\t<meta name=\"twitter:data1\" content=\"3\u00a0Minuten\" \/>\n<script type=\"application\/ld+json\" class=\"yoast-schema-graph\">{\"@context\":\"https:\\\/\\\/schema.org\",\"@graph\":[{\"@type\":\"WebPage\",\"@id\":\"https:\\\/\\\/stage.aecsv.com\\\/warranty-program\\\/\",\"url\":\"https:\\\/\\\/stage.aecsv.com\\\/warranty-program\\\/\",\"name\":\"Garantie Programm - AECSV\",\"isPartOf\":{\"@id\":\"https:\\\/\\\/stage.aecsv.com\\\/#website\"},\"primaryImageOfPage\":{\"@id\":\"https:\\\/\\\/stage.aecsv.com\\\/warranty-program\\\/#primaryimage\"},\"image\":{\"@id\":\"https:\\\/\\\/stage.aecsv.com\\\/warranty-program\\\/#primaryimage\"},\"thumbnailUrl\":\"https:\\\/\\\/stage.aecsv.com\\\/wp-content\\\/uploads\\\/2023\\\/06\\\/hero-warranty-program.webp\",\"datePublished\":\"2019-12-06T09:15:37+00:00\",\"dateModified\":\"2024-07-05T14:58:37+00:00\",\"breadcrumb\":{\"@id\":\"https:\\\/\\\/stage.aecsv.com\\\/warranty-program\\\/#breadcrumb\"},\"inLanguage\":\"de\",\"potentialAction\":[{\"@type\":\"ReadAction\",\"target\":[\"https:\\\/\\\/stage.aecsv.com\\\/warranty-program\\\/\"]}]},{\"@type\":\"ImageObject\",\"inLanguage\":\"de\",\"@id\":\"https:\\\/\\\/stage.aecsv.com\\\/warranty-program\\\/#primaryimage\",\"url\":\"https:\\\/\\\/stage.aecsv.com\\\/wp-content\\\/uploads\\\/2023\\\/06\\\/hero-warranty-program.webp\",\"contentUrl\":\"https:\\\/\\\/stage.aecsv.com\\\/wp-content\\\/uploads\\\/2023\\\/06\\\/hero-warranty-program.webp\",\"width\":1800,\"height\":1080},{\"@type\":\"BreadcrumbList\",\"@id\":\"https:\\\/\\\/stage.aecsv.com\\\/warranty-program\\\/#breadcrumb\",\"itemListElement\":[{\"@type\":\"ListItem\",\"position\":1,\"name\":\"Home\",\"item\":\"https:\\\/\\\/stage.aecsv.com\\\/de\\\/\"},{\"@type\":\"ListItem\",\"position\":2,\"name\":\"Garantie Programm\"}]},{\"@type\":\"WebSite\",\"@id\":\"https:\\\/\\\/stage.aecsv.com\\\/#website\",\"url\":\"https:\\\/\\\/stage.aecsv.com\\\/\",\"name\":\"AECSV\",\"description\":\"Official Importer of Chevrolet, GMC and Cadillac Vehicles in Europe\",\"publisher\":{\"@id\":\"https:\\\/\\\/stage.aecsv.com\\\/#organization\"},\"potentialAction\":[{\"@type\":\"SearchAction\",\"target\":{\"@type\":\"EntryPoint\",\"urlTemplate\":\"https:\\\/\\\/stage.aecsv.com\\\/?s={search_term_string}\"},\"query-input\":{\"@type\":\"PropertyValueSpecification\",\"valueRequired\":true,\"valueName\":\"search_term_string\"}}],\"inLanguage\":\"de\"},{\"@type\":\"Organization\",\"@id\":\"https:\\\/\\\/stage.aecsv.com\\\/#organization\",\"name\":\"AECSV\",\"url\":\"https:\\\/\\\/stage.aecsv.com\\\/\",\"logo\":{\"@type\":\"ImageObject\",\"inLanguage\":\"de\",\"@id\":\"https:\\\/\\\/stage.aecsv.com\\\/#\\\/schema\\\/logo\\\/image\\\/\",\"url\":\"https:\\\/\\\/stage.aecsv.com\\\/wp-content\\\/uploads\\\/2022\\\/07\\\/aec-sv-logo-cropped.svg\",\"contentUrl\":\"https:\\\/\\\/stage.aecsv.com\\\/wp-content\\\/uploads\\\/2022\\\/07\\\/aec-sv-logo-cropped.svg\",\"width\":1657,\"height\":716,\"caption\":\"AECSV\"},\"image\":{\"@id\":\"https:\\\/\\\/stage.aecsv.com\\\/#\\\/schema\\\/logo\\\/image\\\/\"}}]}<\/script>\n<!-- \/ Yoast SEO plugin. -->","yoast_head_json":{"title":"Garantie Programm - AECSV","robots":{"index":"index","follow":"follow","max-snippet":"max-snippet:-1","max-image-preview":"max-image-preview:large","max-video-preview":"max-video-preview:-1"},"canonical":"https:\/\/stage.aecsv.com\/warranty-program\/","og_locale":"de_DE","og_type":"article","og_title":"Garantie Programm - AECSV","og_description":"[vc_row full_width=&#8220;stretch_row_content&#8220; css=&#8220;.vc_custom_1687796891519{background-image: url(https:\/\/stage.aecsv.com\/wp-content\/uploads\/2023\/06\/hero-warranty-program.webp?id=44913) !important;background-position: center !important;background-repeat: no-repeat !important;background-size: cover !important;}&#8220; el_class=&#8220;gradbg coverimage cadillac&#8220;][vc_column el_class=&#8220;emissionNoticeBottom&#8220; offset=&#8220;vc_hidden-sm vc_hidden-xs&#8220; css=&#8220;.vc_custom_1681830975970{padding-top: 0px !important;background-position: center !important;background-repeat: no-repeat !important;background-size: cover !important;}&#8220;][vc_row_inner][vc_column_inner el_class=&#8220;maintitle&#8220; css=&#8220;.vc_custom_1681830985414{background-position: center !important;background-repeat: no-repeat !important;background-size: cover !important;}&#8220;][vc_column_text el_class=&#8220;cadillac&#8220; css=&#8220;.vc_custom_1687371612987{padding-left: 2% !important;}&#8220;] AECSV-Garantie-Programm [\/vc_column_text][\/vc_column_inner][\/vc_row_inner][\/vc_column][\/vc_row][vc_row bg_type=&#8220;image&#8220; bg_override=&#8220;ex-full&#8220; margin_bottom=&#8220;-50&#8243;][vc_column offset=&#8220;vc_col-xs-12&#8243;][vc_row_inner][vc_column_inner][vc_column_text] AECSV PREMIUM GARANTIE Wir haben das Richtige f\u00fcr Sie. Alle von [&hellip;]","og_url":"https:\/\/stage.aecsv.com\/warranty-program\/","og_site_name":"AECSV","article_modified_time":"2024-07-05T14:58:37+00:00","twitter_card":"summary_large_image","twitter_misc":{"Gesch\u00e4tzte Lesezeit":"3\u00a0Minuten"},"schema":{"@context":"https:\/\/schema.org","@graph":[{"@type":"WebPage","@id":"https:\/\/stage.aecsv.com\/warranty-program\/","url":"https:\/\/stage.aecsv.com\/warranty-program\/","name":"Garantie Programm - AECSV","isPartOf":{"@id":"https:\/\/stage.aecsv.com\/#website"},"primaryImageOfPage":{"@id":"https:\/\/stage.aecsv.com\/warranty-program\/#primaryimage"},"image":{"@id":"https:\/\/stage.aecsv.com\/warranty-program\/#primaryimage"},"thumbnailUrl":"https:\/\/stage.aecsv.com\/wp-content\/uploads\/2023\/06\/hero-warranty-program.webp","datePublished":"2019-12-06T09:15:37+00:00","dateModified":"2024-07-05T14:58:37+00:00","breadcrumb":{"@id":"https:\/\/stage.aecsv.com\/warranty-program\/#breadcrumb"},"inLanguage":"de","potentialAction":[{"@type":"ReadAction","target":["https:\/\/stage.aecsv.com\/warranty-program\/"]}]},{"@type":"ImageObject","inLanguage":"de","@id":"https:\/\/stage.aecsv.com\/warranty-program\/#primaryimage","url":"https:\/\/stage.aecsv.com\/wp-content\/uploads\/2023\/06\/hero-warranty-program.webp","contentUrl":"https:\/\/stage.aecsv.com\/wp-content\/uploads\/2023\/06\/hero-warranty-program.webp","width":1800,"height":1080},{"@type":"BreadcrumbList","@id":"https:\/\/stage.aecsv.com\/warranty-program\/#breadcrumb","itemListElement":[{"@type":"ListItem","position":1,"name":"Home","item":"https:\/\/stage.aecsv.com\/de\/"},{"@type":"ListItem","position":2,"name":"Garantie Programm"}]},{"@type":"WebSite","@id":"https:\/\/stage.aecsv.com\/#website","url":"https:\/\/stage.aecsv.com\/","name":"AECSV","description":"Official Importer of Chevrolet, GMC and Cadillac Vehicles in Europe","publisher":{"@id":"https:\/\/stage.aecsv.com\/#organization"},"potentialAction":[{"@type":"SearchAction","target":{"@type":"EntryPoint","urlTemplate":"https:\/\/stage.aecsv.com\/?s={search_term_string}"},"query-input":{"@type":"PropertyValueSpecification","valueRequired":true,"valueName":"search_term_string"}}],"inLanguage":"de"},{"@type":"Organization","@id":"https:\/\/stage.aecsv.com\/#organization","name":"AECSV","url":"https:\/\/stage.aecsv.com\/","logo":{"@type":"ImageObject","inLanguage":"de","@id":"https:\/\/stage.aecsv.com\/#\/schema\/logo\/image\/","url":"https:\/\/stage.aecsv.com\/wp-content\/uploads\/2022\/07\/aec-sv-logo-cropped.svg","contentUrl":"https:\/\/stage.aecsv.com\/wp-content\/uploads\/2022\/07\/aec-sv-logo-cropped.svg","width":1657,"height":716,"caption":"AECSV"},"image":{"@id":"https:\/\/stage.aecsv.com\/#\/schema\/logo\/image\/"}}]}},"_links":{"self":[{"href":"https:\/\/stage.aecsv.com\/de\/wp-json\/wp\/v2\/pages\/45546","targetHints":{"allow":["GET"]}}],"collection":[{"href":"https:\/\/stage.aecsv.com\/de\/wp-json\/wp\/v2\/pages"}],"about":[{"href":"https:\/\/stage.aecsv.com\/de\/wp-json\/wp\/v2\/types\/page"}],"author":[{"embeddable":true,"href":"https:\/\/stage.aecsv.com\/de\/wp-json\/wp\/v2\/users\/3"}],"replies":[{"embeddable":true,"href":"https:\/\/stage.aecsv.com\/de\/wp-json\/wp\/v2\/comments?post=45546"}],"version-history":[{"count":0,"href":"https:\/\/stage.aecsv.com\/de\/wp-json\/wp\/v2\/pages\/45546\/revisions"}],"wp:featuredmedia":[{"embeddable":true,"href":"https:\/\/stage.aecsv.com\/de\/wp-json\/wp\/v2\/media\/45299"}],"wp:attachment":[{"href":"https:\/\/stage.aecsv.com\/de\/wp-json\/wp\/v2\/media?parent=45546"}],"curies":[{"name":"wp","href":"https:\/\/api.w.org\/{rel}","templated":true}]}}