{"id":45548,"date":"2023-09-05T15:29:40","date_gmt":"2023-09-05T13:29:40","guid":{"rendered":"https:\/\/aecsv.com\/?page_id=45548"},"modified":"2024-07-05T16:58:35","modified_gmt":"2024-07-05T14:58:35","slug":"super-cruise-onstar","status":"publish","type":"page","link":"https:\/\/stage.aecsv.com\/de\/super-cruise-onstar\/","title":{"rendered":"Super Cruise &amp; OnStar"},"content":{"rendered":"<section class=\"wpb-content-wrapper\"><p>[vc_row][vc_column][vc_column_text]<\/p>\n<h1 style=\"text-align: center;\">Super Cruise &amp; OnStar<\/h1>\n<p>&nbsp;<\/p>\n<p>Alle Chevrolet-, GMC- und Cadillac-Modelle werden von AEC Specialty Vehicles nach Europa importiert, ohne dass die Super Cruise-Funktion f\u00fcr MY23 und MY24 aktiviert ist. Die Autos werden mit der sichtbaren aber nicht funktionalen Hardware der Super Cruise Funktion ausgestattet (Lenkrad, Lichtleiste und Schalter), da diese Technologie nicht mit europ\u00e4ischen Stra\u00dfen kompatibel ist. M\u00f6glicherweise erhalten Kunden auch Ad-hoc-Meldungen, dass sie ein OnStar-Abonnement ben\u00f6tigen, um die Super Cruise Funktion nutzen zu k\u00f6nnen. Allerdings ist Onstar f\u00fcr diese Fahrzeuge nicht aktiv, so dass es nicht m\u00f6glich ist, auf das Abonnement zuzugreifen, das f\u00fcr die Aktivierung der Super Cruise-Funktion erforderlich ist. Jedes Mal, wenn die Z\u00fcndung eingeschaltet wird, sucht das System nach einer OnStar-Verbindung und fordert den Kunden auf, diese Information zu l\u00f6schen.<\/p>\n<p>Jedes Mal, wenn die Z\u00fcndung eingeschaltet wird, sucht das System nach einer OnStar-Verbindung und fordert den Kunden auf, diese Information zu l\u00f6schen.[\/vc_column_text][\/vc_column][\/vc_row]<\/p>\n<\/section>","protected":false},"excerpt":{"rendered":"<p>[vc_row][vc_column][vc_column_text] Super Cruise &amp; OnStar &nbsp; Alle Chevrolet-, GMC- und Cadillac-Modelle werden von AEC Specialty Vehicles nach Europa importiert, ohne dass die Super Cruise-Funktion f\u00fcr MY23 und MY24 aktiviert ist. Die Autos werden mit der sichtbaren aber nicht funktionalen Hardware der Super Cruise Funktion ausgestattet (Lenkrad, Lichtleiste und Schalter), da diese Technologie nicht mit europ\u00e4ischen [&hellip;]<\/p>\n","protected":false},"author":10,"featured_media":0,"parent":0,"menu_order":0,"comment_status":"closed","ping_status":"closed","template":"","meta":{"site-sidebar-layout":"default","site-content-layout":"default","ast-site-content-layout":"default","site-content-style":"default","site-sidebar-style":"default","ast-global-header-display":"","ast-banner-title-visibility":"","ast-main-header-display":"","ast-hfb-above-header-display":"","ast-hfb-below-header-display":"","ast-hfb-mobile-header-display":"","site-post-title":"","ast-breadcrumbs-content":"","ast-featured-img":"","footer-sml-layout":"","ast-disable-related-posts":"","theme-transparent-header-meta":"default","adv-header-id-meta":"","stick-header-meta":"default","header-above-stick-meta":"","header-main-stick-meta":"","header-below-stick-meta":"","astra-migrate-meta-layouts":"default","ast-page-background-enabled":"default","ast-page-background-meta":{"desktop":{"background-color":"","background-image":"","background-repeat":"repeat","background-position":"center center","background-size":"auto","background-attachment":"scroll","background-type":"","background-media":"","overlay-type":"","overlay-color":"","overlay-opacity":"","overlay-gradient":""},"tablet":{"background-color":"","background-image":"","background-repeat":"repeat","background-position":"center center","background-size":"auto","background-attachment":"scroll","background-type":"","background-media":"","overlay-type":"","overlay-color":"","overlay-opacity":"","overlay-gradient":""},"mobile":{"background-color":"","background-image":"","background-repeat":"repeat","background-position":"center center","background-size":"auto","background-attachment":"scroll","background-type":"","background-media":"","overlay-type":"","overlay-color":"","overlay-opacity":"","overlay-gradient":""}},"ast-content-background-meta":{"desktop":{"background-color":"var(--ast-global-color-5)","background-image":"","background-repeat":"repeat","background-position":"center center","background-size":"auto","background-attachment":"scroll","background-type":"","background-media":"","overlay-type":"","overlay-color":"","overlay-opacity":"","overlay-gradient":""},"tablet":{"background-color":"var(--ast-global-color-5)","background-image":"","background-repeat":"repeat","background-position":"center center","background-size":"auto","background-attachment":"scroll","background-type":"","background-media":"","overlay-type":"","overlay-color":"","overlay-opacity":"","overlay-gradient":""},"mobile":{"background-color":"var(--ast-global-color-5)","background-image":"","background-repeat":"repeat","background-position":"center center","background-size":"auto","background-attachment":"scroll","background-type":"","background-media":"","overlay-type":"","overlay-color":"","overlay-opacity":"","overlay-gradient":""}},"footnotes":"","_wp_rev_ctl_limit":""},"class_list":["post-45548","page","type-page","status-publish","hentry"],"acf":[],"yoast_head":"<!-- This site is optimized with the Yoast SEO plugin v27.3 - https:\/\/yoast.com\/product\/yoast-seo-wordpress\/ -->\n<title>Super Cruise &amp; OnStar - AECSV<\/title>\n<meta name=\"robots\" content=\"index, follow, max-snippet:-1, max-image-preview:large, max-video-preview:-1\" \/>\n<link rel=\"canonical\" href=\"https:\/\/stage.aecsv.com\/super-cruise-onstar\/\" \/>\n<meta property=\"og:locale\" content=\"de_DE\" \/>\n<meta property=\"og:type\" content=\"article\" \/>\n<meta property=\"og:title\" content=\"Super Cruise &amp; OnStar - AECSV\" \/>\n<meta property=\"og:description\" content=\"[vc_row][vc_column][vc_column_text] Super Cruise &amp; OnStar &nbsp; Alle Chevrolet-, GMC- und Cadillac-Modelle werden von AEC Specialty Vehicles nach Europa importiert, ohne dass die Super Cruise-Funktion f\u00fcr MY23 und MY24 aktiviert ist. Die Autos werden mit der sichtbaren aber nicht funktionalen Hardware der Super Cruise Funktion ausgestattet (Lenkrad, Lichtleiste und Schalter), da diese Technologie nicht mit europ\u00e4ischen [&hellip;]\" \/>\n<meta property=\"og:url\" content=\"https:\/\/stage.aecsv.com\/super-cruise-onstar\/\" \/>\n<meta property=\"og:site_name\" content=\"AECSV\" \/>\n<meta property=\"article:modified_time\" content=\"2024-07-05T14:58:35+00:00\" \/>\n<meta name=\"twitter:card\" content=\"summary_large_image\" \/>\n<meta name=\"twitter:label1\" content=\"Gesch\u00e4tzte Lesezeit\" \/>\n\t<meta name=\"twitter:data1\" content=\"1\u00a0Minute\" \/>\n<script type=\"application\/ld+json\" class=\"yoast-schema-graph\">{\"@context\":\"https:\\\/\\\/schema.org\",\"@graph\":[{\"@type\":\"WebPage\",\"@id\":\"https:\\\/\\\/stage.aecsv.com\\\/super-cruise-onstar\\\/\",\"url\":\"https:\\\/\\\/stage.aecsv.com\\\/super-cruise-onstar\\\/\",\"name\":\"Super Cruise &amp; OnStar - AECSV\",\"isPartOf\":{\"@id\":\"https:\\\/\\\/stage.aecsv.com\\\/#website\"},\"datePublished\":\"2023-09-05T13:29:40+00:00\",\"dateModified\":\"2024-07-05T14:58:35+00:00\",\"breadcrumb\":{\"@id\":\"https:\\\/\\\/stage.aecsv.com\\\/super-cruise-onstar\\\/#breadcrumb\"},\"inLanguage\":\"de\",\"potentialAction\":[{\"@type\":\"ReadAction\",\"target\":[\"https:\\\/\\\/stage.aecsv.com\\\/super-cruise-onstar\\\/\"]}]},{\"@type\":\"BreadcrumbList\",\"@id\":\"https:\\\/\\\/stage.aecsv.com\\\/super-cruise-onstar\\\/#breadcrumb\",\"itemListElement\":[{\"@type\":\"ListItem\",\"position\":1,\"name\":\"Home\",\"item\":\"https:\\\/\\\/stage.aecsv.com\\\/de\\\/\"},{\"@type\":\"ListItem\",\"position\":2,\"name\":\"Super Cruise &amp; OnStar\"}]},{\"@type\":\"WebSite\",\"@id\":\"https:\\\/\\\/stage.aecsv.com\\\/#website\",\"url\":\"https:\\\/\\\/stage.aecsv.com\\\/\",\"name\":\"AECSV\",\"description\":\"Official Importer of Chevrolet, GMC and Cadillac Vehicles in Europe\",\"publisher\":{\"@id\":\"https:\\\/\\\/stage.aecsv.com\\\/#organization\"},\"potentialAction\":[{\"@type\":\"SearchAction\",\"target\":{\"@type\":\"EntryPoint\",\"urlTemplate\":\"https:\\\/\\\/stage.aecsv.com\\\/?s={search_term_string}\"},\"query-input\":{\"@type\":\"PropertyValueSpecification\",\"valueRequired\":true,\"valueName\":\"search_term_string\"}}],\"inLanguage\":\"de\"},{\"@type\":\"Organization\",\"@id\":\"https:\\\/\\\/stage.aecsv.com\\\/#organization\",\"name\":\"AECSV\",\"url\":\"https:\\\/\\\/stage.aecsv.com\\\/\",\"logo\":{\"@type\":\"ImageObject\",\"inLanguage\":\"de\",\"@id\":\"https:\\\/\\\/stage.aecsv.com\\\/#\\\/schema\\\/logo\\\/image\\\/\",\"url\":\"https:\\\/\\\/stage.aecsv.com\\\/wp-content\\\/uploads\\\/2022\\\/07\\\/aec-sv-logo-cropped.svg\",\"contentUrl\":\"https:\\\/\\\/stage.aecsv.com\\\/wp-content\\\/uploads\\\/2022\\\/07\\\/aec-sv-logo-cropped.svg\",\"width\":1657,\"height\":716,\"caption\":\"AECSV\"},\"image\":{\"@id\":\"https:\\\/\\\/stage.aecsv.com\\\/#\\\/schema\\\/logo\\\/image\\\/\"}}]}<\/script>\n<!-- \/ Yoast SEO plugin. -->","yoast_head_json":{"title":"Super Cruise &amp; OnStar - AECSV","robots":{"index":"index","follow":"follow","max-snippet":"max-snippet:-1","max-image-preview":"max-image-preview:large","max-video-preview":"max-video-preview:-1"},"canonical":"https:\/\/stage.aecsv.com\/super-cruise-onstar\/","og_locale":"de_DE","og_type":"article","og_title":"Super Cruise &amp; OnStar - AECSV","og_description":"[vc_row][vc_column][vc_column_text] Super Cruise &amp; OnStar &nbsp; Alle Chevrolet-, GMC- und Cadillac-Modelle werden von AEC Specialty Vehicles nach Europa importiert, ohne dass die Super Cruise-Funktion f\u00fcr MY23 und MY24 aktiviert ist. Die Autos werden mit der sichtbaren aber nicht funktionalen Hardware der Super Cruise Funktion ausgestattet (Lenkrad, Lichtleiste und Schalter), da diese Technologie nicht mit europ\u00e4ischen [&hellip;]","og_url":"https:\/\/stage.aecsv.com\/super-cruise-onstar\/","og_site_name":"AECSV","article_modified_time":"2024-07-05T14:58:35+00:00","twitter_card":"summary_large_image","twitter_misc":{"Gesch\u00e4tzte Lesezeit":"1\u00a0Minute"},"schema":{"@context":"https:\/\/schema.org","@graph":[{"@type":"WebPage","@id":"https:\/\/stage.aecsv.com\/super-cruise-onstar\/","url":"https:\/\/stage.aecsv.com\/super-cruise-onstar\/","name":"Super Cruise &amp; OnStar - AECSV","isPartOf":{"@id":"https:\/\/stage.aecsv.com\/#website"},"datePublished":"2023-09-05T13:29:40+00:00","dateModified":"2024-07-05T14:58:35+00:00","breadcrumb":{"@id":"https:\/\/stage.aecsv.com\/super-cruise-onstar\/#breadcrumb"},"inLanguage":"de","potentialAction":[{"@type":"ReadAction","target":["https:\/\/stage.aecsv.com\/super-cruise-onstar\/"]}]},{"@type":"BreadcrumbList","@id":"https:\/\/stage.aecsv.com\/super-cruise-onstar\/#breadcrumb","itemListElement":[{"@type":"ListItem","position":1,"name":"Home","item":"https:\/\/stage.aecsv.com\/de\/"},{"@type":"ListItem","position":2,"name":"Super Cruise &amp; OnStar"}]},{"@type":"WebSite","@id":"https:\/\/stage.aecsv.com\/#website","url":"https:\/\/stage.aecsv.com\/","name":"AECSV","description":"Official Importer of Chevrolet, GMC and Cadillac Vehicles in Europe","publisher":{"@id":"https:\/\/stage.aecsv.com\/#organization"},"potentialAction":[{"@type":"SearchAction","target":{"@type":"EntryPoint","urlTemplate":"https:\/\/stage.aecsv.com\/?s={search_term_string}"},"query-input":{"@type":"PropertyValueSpecification","valueRequired":true,"valueName":"search_term_string"}}],"inLanguage":"de"},{"@type":"Organization","@id":"https:\/\/stage.aecsv.com\/#organization","name":"AECSV","url":"https:\/\/stage.aecsv.com\/","logo":{"@type":"ImageObject","inLanguage":"de","@id":"https:\/\/stage.aecsv.com\/#\/schema\/logo\/image\/","url":"https:\/\/stage.aecsv.com\/wp-content\/uploads\/2022\/07\/aec-sv-logo-cropped.svg","contentUrl":"https:\/\/stage.aecsv.com\/wp-content\/uploads\/2022\/07\/aec-sv-logo-cropped.svg","width":1657,"height":716,"caption":"AECSV"},"image":{"@id":"https:\/\/stage.aecsv.com\/#\/schema\/logo\/image\/"}}]}},"_links":{"self":[{"href":"https:\/\/stage.aecsv.com\/de\/wp-json\/wp\/v2\/pages\/45548","targetHints":{"allow":["GET"]}}],"collection":[{"href":"https:\/\/stage.aecsv.com\/de\/wp-json\/wp\/v2\/pages"}],"about":[{"href":"https:\/\/stage.aecsv.com\/de\/wp-json\/wp\/v2\/types\/page"}],"author":[{"embeddable":true,"href":"https:\/\/stage.aecsv.com\/de\/wp-json\/wp\/v2\/users\/10"}],"replies":[{"embeddable":true,"href":"https:\/\/stage.aecsv.com\/de\/wp-json\/wp\/v2\/comments?post=45548"}],"version-history":[{"count":0,"href":"https:\/\/stage.aecsv.com\/de\/wp-json\/wp\/v2\/pages\/45548\/revisions"}],"wp:attachment":[{"href":"https:\/\/stage.aecsv.com\/de\/wp-json\/wp\/v2\/media?parent=45548"}],"curies":[{"name":"wp","href":"https:\/\/api.w.org\/{rel}","templated":true}]}}