{"id":45776,"date":"2024-07-09T16:33:05","date_gmt":"2024-07-09T14:33:05","guid":{"rendered":"https:\/\/aecsv.com\/?page_id=45776"},"modified":"2025-02-03T20:58:24","modified_gmt":"2025-02-03T19:58:24","slug":"haendlersuche","status":"publish","type":"page","link":"https:\/\/stage.aecsv.com\/de\/haendlersuche\/","title":{"rendered":"H\u00e4ndlersuche"},"content":{"rendered":"<section class=\"wpb-content-wrapper\"><p>[vc_row][vc_column][vc_column_text css=&#8220;.vc_custom_1738612660731{margin-top: 3rem !important;margin-bottom: 3rem !important;}&#8220;]<\/p>\n<h1 style=\"text-align: center;\">H\u00e4ndlersuche<\/h1>\n<p>[\/vc_column_text][\/vc_column][\/vc_row][vc_row][vc_column][vc_column_text]<div id='map-out'><\/div>[\/vc_column_text][\/vc_column][\/vc_row][vc_row][vc_column][vc_column_text]<div id=\"sortHeader\" name = \"sortHeader\" class = \"sortHeader\"><select name=\"country\" id=\"country\" class=\"sortHeader  country\"   onChange= \"document.getElementById('free_param').value = '';             document.getElementById('aec_distance').style.visibility = 'hidden'; \"><option value=\"be\">Belgien<\/option><option value=\"de\" selected>Deutschland<\/option><option value=\"dk\">D\u00e4nemark<\/option><option value=\"es\">Espana<\/option><option value=\"gb\">Gro\u00dfbritannien<\/option><option value=\"it\">Italien<\/option><option value=\"nl\">Niederlande<\/option><option value=\"pl\">Polen<\/option><option value=\"se\">Schweden<\/option><option value=\"ch\">Schweiz<\/option><option value=\"cz\">Tschechien<\/option><option value=\"at\">\u00d6sterreich<\/option><\/select><input type = \"text\" id=\"free_param\" name=\"free_param\" class = \"free-param noPadding\"placeholder=\"Suche PLZ oder H\u00e4ndler\"onfocusout=\"         var f_text = document.getElementById('free_param').value;         document.getElementById('aec_distance').style.visibility = (f_text.match(\/[0-9]{4,6}$|[0-9]{2}-[0-9]{3}|[A-Z0-9]{1,4}[ ]{1}[[A-Z0-9]{1,3}|[A-Za-z \u00c4\u00d6\u00dc\u00e4\u00f6\u00fc\u00df]{4,20}$\/) === null?'hidden':'visible');\"onkeypressed=\"         var f_text = document.getElementById('free_param').value;         document.getElementById('aec_distance').style.visibility = (f_text.match(\/[0-9]{4,6}$|[0-9]{2}-[0-9]{3}|[A-Z0-9]{1,4}[ ]{1}[[A-Z0-9]{1,3}|[A-Za-z \u00c4\u00d6\u00dc\u00e4\u00f6\u00fc\u00df]{4,20}$\/) === null?'hidden':'visible');\"><select hidden name=\"aec_distance\" id=\"aec_distance\"><option value=\" 50\">50 km<\/option><option value=\"150\">150 km<\/option><option value=\"250\">250 km<\/option><option value=\"500\">500 km<\/option><option value=\"1000\">1000 km<\/option><option value=\"2000\" selected>2000 km<\/option><\/select><button type=\"button\" id=\"aec_search\" name =\"aec_search\" class =\"sortHeader aec_search\"onclick=\"         var f_text = document.getElementById('free_param').value;         document.getElementById('aec_distance').style.visibility = (f_text.match(\/[0-9]{4,6}$|[0-9]{2}-[0-9]{3}|[A-Z0-9]{1,4}[ ]{1}[[A-Z0-9]{1,3}|[A-Za-z \u00c4\u00d6\u00dc\u00e4\u00f6\u00fc\u00df]{4,20}$\/) === null?'hidden':'visible');\\\"onkeypress=\\\"         var f_text = document.getElementById('free_param').value;         document.getElementById('aec_distance').style.visibility = (f_text.match(\/[0-9]{4,6}$|[0-9]{2}-[0-9]{3}|[A-Z0-9]{1,4}[ ]{1}[[A-Z0-9]{1,3}|[A-Za-z \u00c4\u00d6\u00dc\u00e4\u00f6\u00fc\u00df]{4,20}$\/) === null?'hidden':'visible');\\\">H\u00e4ndler suchen<\/button><div class = \"popup\" onclick=\" var popup = document.getElementById('aecPopup'); popup.classList.toggle('show');\"><img   src = \"https:\/\/stage.aecsv.com\/wp-content\/plugins\/aec-dealerships\/ico\/icons8-settings-24.png\"class = \"popup-icon\" > <span class=\"popuptext\" id=\"aecPopup\">&nbsp<label id = \"c_cont\" class=\"container\" style = \"margin-left:15px;margin-right:15px;font-size:18px;\" >Dauerhafte Aktivierung<p>Dauerhaft aktivieren und Daten\u00fcbertragung (Google Maps) zustimmen<script>        function getCookie(cname) {          var name = cname + \"=\";       var ca = document.cookie.split(';');   for(var i = 0; i < ca.length; i++) {       var c = ca[i];       while (c.charAt(0) == ' ') {           c = c.substring(1);       }       if (c.indexOf(name) == 0) {           return c.substring(name.length, c.length);       }   }   return \"\";}function aecCookie() {   var aec=getCookie(\"AEC\");   if (aec != \"\" ) {       document.getElementById('cookie').checked = true;          } else {       document.getElementById('cookie').checked = false;   }} function c_check() {    document.getElementById('free_param').value = '';     document.getElementById('aec_distance').style.visibility = 'hidden';              if (getCookie(\"AEC\") != \"\") {                document.cookie = 'AEC=; Max-Age=0; path=\/';             } else {                document.cookie = 'AEC=map; Max-Age=510000; path=\/';             };            location.reload(true);return false;}<\/script><input type=\"checkbox\" onload = \"aecCookie();\" id=\"cookie\"    onclick= \"c_check()\"><span class=\"checkmark\"><\/span><\/label> <\/span> <\/div><input type = \"hidden\" id=\"language\" name = \"language\" value = \"de\"><\/div>\n<div id='tiles-out'><\/div>[\/vc_column_text][\/vc_column][\/vc_row]<\/p>\n<\/section>","protected":false},"excerpt":{"rendered":"<p>[vc_row][vc_column][vc_column_text css=&#8220;.vc_custom_1738612660731{margin-top: 3rem !important;margin-bottom: 3rem !important;}&#8220;] H\u00e4ndlersuche [\/vc_column_text][\/vc_column][\/vc_row][vc_row][vc_column][vc_column_text][\/vc_column_text][\/vc_column][\/vc_row][vc_row][vc_column][vc_column_text] [\/vc_column_text][\/vc_column][\/vc_row]<\/p>\n","protected":false},"author":22,"featured_media":0,"parent":0,"menu_order":0,"comment_status":"closed","ping_status":"closed","template":"","meta":{"site-sidebar-layout":"no-sidebar","site-content-layout":"plain-container","ast-site-content-layout":"default","site-content-style":"default","site-sidebar-style":"default","ast-global-header-display":"","ast-banner-title-visibility":"","ast-main-header-display":"","ast-hfb-above-header-display":"","ast-hfb-below-header-display":"","ast-hfb-mobile-header-display":"","site-post-title":"disabled","ast-breadcrumbs-content":"","ast-featured-img":"disabled","footer-sml-layout":"","ast-disable-related-posts":"","theme-transparent-header-meta":"default","adv-header-id-meta":"","stick-header-meta":"default","header-above-stick-meta":"","header-main-stick-meta":"","header-below-stick-meta":"","astra-migrate-meta-layouts":"default","ast-page-background-enabled":"default","ast-page-background-meta":{"desktop":{"background-color":"","background-image":"","background-repeat":"repeat","background-position":"center center","background-size":"auto","background-attachment":"scroll","background-type":"","background-media":"","overlay-type":"","overlay-color":"","overlay-opacity":"","overlay-gradient":""},"tablet":{"background-color":"","background-image":"","background-repeat":"repeat","background-position":"center center","background-size":"auto","background-attachment":"scroll","background-type":"","background-media":"","overlay-type":"","overlay-color":"","overlay-opacity":"","overlay-gradient":""},"mobile":{"background-color":"","background-image":"","background-repeat":"repeat","background-position":"center center","background-size":"auto","background-attachment":"scroll","background-type":"","background-media":"","overlay-type":"","overlay-color":"","overlay-opacity":"","overlay-gradient":""}},"ast-content-background-meta":{"desktop":{"background-color":"var(--ast-global-color-5)","background-image":"","background-repeat":"repeat","background-position":"center center","background-size":"auto","background-attachment":"scroll","background-type":"","background-media":"","overlay-type":"","overlay-color":"","overlay-opacity":"","overlay-gradient":""},"tablet":{"background-color":"var(--ast-global-color-5)","background-image":"","background-repeat":"repeat","background-position":"center center","background-size":"auto","background-attachment":"scroll","background-type":"","background-media":"","overlay-type":"","overlay-color":"","overlay-opacity":"","overlay-gradient":""},"mobile":{"background-color":"var(--ast-global-color-5)","background-image":"","background-repeat":"repeat","background-position":"center center","background-size":"auto","background-attachment":"scroll","background-type":"","background-media":"","overlay-type":"","overlay-color":"","overlay-opacity":"","overlay-gradient":""}},"footnotes":"","_wp_rev_ctl_limit":""},"class_list":["post-45776","page","type-page","status-publish","hentry"],"acf":[],"yoast_head":"<!-- This site is optimized with the Yoast SEO plugin v27.3 - https:\/\/yoast.com\/product\/yoast-seo-wordpress\/ -->\n<title>H\u00e4ndlersuche - AECSV<\/title>\n<meta name=\"robots\" content=\"index, follow, max-snippet:-1, max-image-preview:large, max-video-preview:-1\" \/>\n<link rel=\"canonical\" href=\"https:\/\/stage.aecsv.com\/de\/haendlersuche\/\" \/>\n<meta property=\"og:locale\" content=\"de_DE\" \/>\n<meta property=\"og:type\" content=\"article\" \/>\n<meta property=\"og:title\" content=\"H\u00e4ndlersuche - AECSV\" \/>\n<meta property=\"og:description\" content=\"[vc_row][vc_column][vc_column_text css=&#8220;.vc_custom_1738612660731{margin-top: 3rem !important;margin-bottom: 3rem !important;}&#8220;] H\u00e4ndlersuche [\/vc_column_text][\/vc_column][\/vc_row][vc_row][vc_column][vc_column_text][\/vc_column_text][\/vc_column][\/vc_row][vc_row][vc_column][vc_column_text] [\/vc_column_text][\/vc_column][\/vc_row]\" \/>\n<meta property=\"og:url\" content=\"https:\/\/stage.aecsv.com\/de\/haendlersuche\/\" \/>\n<meta property=\"og:site_name\" content=\"AECSV\" \/>\n<meta property=\"article:modified_time\" content=\"2025-02-03T19:58:24+00:00\" \/>\n<meta name=\"twitter:card\" content=\"summary_large_image\" \/>\n<meta name=\"twitter:label1\" content=\"Gesch\u00e4tzte Lesezeit\" \/>\n\t<meta name=\"twitter:data1\" content=\"1\u00a0Minute\" \/>\n<script type=\"application\/ld+json\" class=\"yoast-schema-graph\">{\"@context\":\"https:\\\/\\\/schema.org\",\"@graph\":[{\"@type\":\"WebPage\",\"@id\":\"https:\\\/\\\/stage.aecsv.com\\\/de\\\/haendlersuche\\\/\",\"url\":\"https:\\\/\\\/stage.aecsv.com\\\/de\\\/haendlersuche\\\/\",\"name\":\"H\u00e4ndlersuche - AECSV\",\"isPartOf\":{\"@id\":\"https:\\\/\\\/stage.aecsv.com\\\/#website\"},\"datePublished\":\"2024-07-09T14:33:05+00:00\",\"dateModified\":\"2025-02-03T19:58:24+00:00\",\"breadcrumb\":{\"@id\":\"https:\\\/\\\/stage.aecsv.com\\\/de\\\/haendlersuche\\\/#breadcrumb\"},\"inLanguage\":\"de\",\"potentialAction\":[{\"@type\":\"ReadAction\",\"target\":[\"https:\\\/\\\/stage.aecsv.com\\\/de\\\/haendlersuche\\\/\"]}]},{\"@type\":\"BreadcrumbList\",\"@id\":\"https:\\\/\\\/stage.aecsv.com\\\/de\\\/haendlersuche\\\/#breadcrumb\",\"itemListElement\":[{\"@type\":\"ListItem\",\"position\":1,\"name\":\"Home\",\"item\":\"https:\\\/\\\/stage.aecsv.com\\\/de\\\/\"},{\"@type\":\"ListItem\",\"position\":2,\"name\":\"H\u00e4ndlersuche\"}]},{\"@type\":\"WebSite\",\"@id\":\"https:\\\/\\\/stage.aecsv.com\\\/#website\",\"url\":\"https:\\\/\\\/stage.aecsv.com\\\/\",\"name\":\"AECSV\",\"description\":\"Official Importer of Chevrolet, GMC and Cadillac Vehicles in Europe\",\"publisher\":{\"@id\":\"https:\\\/\\\/stage.aecsv.com\\\/#organization\"},\"potentialAction\":[{\"@type\":\"SearchAction\",\"target\":{\"@type\":\"EntryPoint\",\"urlTemplate\":\"https:\\\/\\\/stage.aecsv.com\\\/?s={search_term_string}\"},\"query-input\":{\"@type\":\"PropertyValueSpecification\",\"valueRequired\":true,\"valueName\":\"search_term_string\"}}],\"inLanguage\":\"de\"},{\"@type\":\"Organization\",\"@id\":\"https:\\\/\\\/stage.aecsv.com\\\/#organization\",\"name\":\"AECSV\",\"url\":\"https:\\\/\\\/stage.aecsv.com\\\/\",\"logo\":{\"@type\":\"ImageObject\",\"inLanguage\":\"de\",\"@id\":\"https:\\\/\\\/stage.aecsv.com\\\/#\\\/schema\\\/logo\\\/image\\\/\",\"url\":\"https:\\\/\\\/stage.aecsv.com\\\/wp-content\\\/uploads\\\/2022\\\/07\\\/aec-sv-logo-cropped.svg\",\"contentUrl\":\"https:\\\/\\\/stage.aecsv.com\\\/wp-content\\\/uploads\\\/2022\\\/07\\\/aec-sv-logo-cropped.svg\",\"width\":1657,\"height\":716,\"caption\":\"AECSV\"},\"image\":{\"@id\":\"https:\\\/\\\/stage.aecsv.com\\\/#\\\/schema\\\/logo\\\/image\\\/\"}}]}<\/script>\n<!-- \/ Yoast SEO plugin. -->","yoast_head_json":{"title":"H\u00e4ndlersuche - AECSV","robots":{"index":"index","follow":"follow","max-snippet":"max-snippet:-1","max-image-preview":"max-image-preview:large","max-video-preview":"max-video-preview:-1"},"canonical":"https:\/\/stage.aecsv.com\/de\/haendlersuche\/","og_locale":"de_DE","og_type":"article","og_title":"H\u00e4ndlersuche - AECSV","og_description":"[vc_row][vc_column][vc_column_text css=&#8220;.vc_custom_1738612660731{margin-top: 3rem !important;margin-bottom: 3rem !important;}&#8220;] H\u00e4ndlersuche [\/vc_column_text][\/vc_column][\/vc_row][vc_row][vc_column][vc_column_text][\/vc_column_text][\/vc_column][\/vc_row][vc_row][vc_column][vc_column_text] [\/vc_column_text][\/vc_column][\/vc_row]","og_url":"https:\/\/stage.aecsv.com\/de\/haendlersuche\/","og_site_name":"AECSV","article_modified_time":"2025-02-03T19:58:24+00:00","twitter_card":"summary_large_image","twitter_misc":{"Gesch\u00e4tzte Lesezeit":"1\u00a0Minute"},"schema":{"@context":"https:\/\/schema.org","@graph":[{"@type":"WebPage","@id":"https:\/\/stage.aecsv.com\/de\/haendlersuche\/","url":"https:\/\/stage.aecsv.com\/de\/haendlersuche\/","name":"H\u00e4ndlersuche - AECSV","isPartOf":{"@id":"https:\/\/stage.aecsv.com\/#website"},"datePublished":"2024-07-09T14:33:05+00:00","dateModified":"2025-02-03T19:58:24+00:00","breadcrumb":{"@id":"https:\/\/stage.aecsv.com\/de\/haendlersuche\/#breadcrumb"},"inLanguage":"de","potentialAction":[{"@type":"ReadAction","target":["https:\/\/stage.aecsv.com\/de\/haendlersuche\/"]}]},{"@type":"BreadcrumbList","@id":"https:\/\/stage.aecsv.com\/de\/haendlersuche\/#breadcrumb","itemListElement":[{"@type":"ListItem","position":1,"name":"Home","item":"https:\/\/stage.aecsv.com\/de\/"},{"@type":"ListItem","position":2,"name":"H\u00e4ndlersuche"}]},{"@type":"WebSite","@id":"https:\/\/stage.aecsv.com\/#website","url":"https:\/\/stage.aecsv.com\/","name":"AECSV","description":"Official Importer of Chevrolet, GMC and Cadillac Vehicles in Europe","publisher":{"@id":"https:\/\/stage.aecsv.com\/#organization"},"potentialAction":[{"@type":"SearchAction","target":{"@type":"EntryPoint","urlTemplate":"https:\/\/stage.aecsv.com\/?s={search_term_string}"},"query-input":{"@type":"PropertyValueSpecification","valueRequired":true,"valueName":"search_term_string"}}],"inLanguage":"de"},{"@type":"Organization","@id":"https:\/\/stage.aecsv.com\/#organization","name":"AECSV","url":"https:\/\/stage.aecsv.com\/","logo":{"@type":"ImageObject","inLanguage":"de","@id":"https:\/\/stage.aecsv.com\/#\/schema\/logo\/image\/","url":"https:\/\/stage.aecsv.com\/wp-content\/uploads\/2022\/07\/aec-sv-logo-cropped.svg","contentUrl":"https:\/\/stage.aecsv.com\/wp-content\/uploads\/2022\/07\/aec-sv-logo-cropped.svg","width":1657,"height":716,"caption":"AECSV"},"image":{"@id":"https:\/\/stage.aecsv.com\/#\/schema\/logo\/image\/"}}]}},"_links":{"self":[{"href":"https:\/\/stage.aecsv.com\/de\/wp-json\/wp\/v2\/pages\/45776","targetHints":{"allow":["GET"]}}],"collection":[{"href":"https:\/\/stage.aecsv.com\/de\/wp-json\/wp\/v2\/pages"}],"about":[{"href":"https:\/\/stage.aecsv.com\/de\/wp-json\/wp\/v2\/types\/page"}],"author":[{"embeddable":true,"href":"https:\/\/stage.aecsv.com\/de\/wp-json\/wp\/v2\/users\/22"}],"replies":[{"embeddable":true,"href":"https:\/\/stage.aecsv.com\/de\/wp-json\/wp\/v2\/comments?post=45776"}],"version-history":[{"count":0,"href":"https:\/\/stage.aecsv.com\/de\/wp-json\/wp\/v2\/pages\/45776\/revisions"}],"wp:attachment":[{"href":"https:\/\/stage.aecsv.com\/de\/wp-json\/wp\/v2\/media?parent=45776"}],"curies":[{"name":"wp","href":"https:\/\/api.w.org\/{rel}","templated":true}]}}